{"id":1436,"date":"2019-04-22T16:22:33","date_gmt":"2019-04-22T19:22:33","guid":{"rendered":"https:\/\/ifd2-nqn.infd.edu.ar\/sitio\/?page_id=1436"},"modified":"2026-03-11T10:55:11","modified_gmt":"2026-03-11T13:55:11","slug":"equipo-de-tecnologia","status":"publish","type":"page","link":"https:\/\/ifd2-nqn.infd.edu.ar\/sitio\/equipo-de-tecnologia\/","title":{"rendered":"Aulas Virtuales"},"content":{"rendered":"<p><img decoding=\"async\" loading=\"lazy\" class=\"wp-image-9900 aligncenter\" src=\"https:\/\/ifd2-nqn.infd.edu.ar\/sitio\/wp-content\/uploads\/2026\/03\/2-707x1000.png\" alt=\"\" width=\"440\" height=\"622\" srcset=\"https:\/\/ifd2-nqn.infd.edu.ar\/sitio\/wp-content\/uploads\/2026\/03\/2-707x1000.png 707w, https:\/\/ifd2-nqn.infd.edu.ar\/sitio\/wp-content\/uploads\/2026\/03\/2-1343x1900.png 1343w, https:\/\/ifd2-nqn.infd.edu.ar\/sitio\/wp-content\/uploads\/2026\/03\/2-768x1086.png 768w, https:\/\/ifd2-nqn.infd.edu.ar\/sitio\/wp-content\/uploads\/2026\/03\/2-1086x1536.png 1086w, https:\/\/ifd2-nqn.infd.edu.ar\/sitio\/wp-content\/uploads\/2026\/03\/2-1448x2048.png 1448w, https:\/\/ifd2-nqn.infd.edu.ar\/sitio\/wp-content\/uploads\/2026\/03\/2.png 1587w\" sizes=\"(max-width: 440px) 100vw, 440px\" \/><\/p>\n<hr \/>\n<h4><img decoding=\"async\" loading=\"lazy\" class=\"\" src=\"https:\/\/c.tenor.com\/Zi7IOW_EpPAAAAAC\/arrow-blue.gif\" alt=\"Arrow Blue GIF - Arrow Blue Turquoise - Descubre &amp; Comparte GIFs\" width=\"59\" height=\"34\" \/> Escribanos a los contactos oficiales, estamos para acompa\u00f1arte:<\/h4>\n<p>DOCENTES: <a href=\"mailto:aulasvirtualesdocentes@gmail.com\">aulasvirtualesdocentes@gmail.com<\/a><\/p>\n<p>ESTUDIANTES: <a href=\"aulasvirtualesestudiantes@gmail.com\">aulasvirtualesestudiantes@gmail.com<\/a><\/p>\n<hr \/>\n<h4><img decoding=\"async\" loading=\"lazy\" class=\"\" src=\"https:\/\/c.tenor.com\/Zi7IOW_EpPAAAAAC\/arrow-blue.gif\" alt=\"Arrow Blue GIF - Arrow Blue Turquoise - Descubre &amp; Comparte GIFs\" width=\"59\" height=\"34\" \/> Horarios de acompa\u00f1amiento<\/h4>\n<div  class=\"lgc-column lgc-grid-parent lgc-grid-100 lgc-tablet-grid-100 lgc-mobile-grid-100 lgc-equal-heights \"><div  class=\"inside-grid-column\">\n<h3><img decoding=\"async\" loading=\"lazy\" class=\"alignnone size-medium wp-image-9898\" src=\"https:\/\/ifd2-nqn.infd.edu.ar\/sitio\/wp-content\/uploads\/2026\/03\/LUNES-1-1000x750.png\" alt=\"\" width=\"1000\" height=\"750\" srcset=\"https:\/\/ifd2-nqn.infd.edu.ar\/sitio\/wp-content\/uploads\/2026\/03\/LUNES-1-1000x750.png 1000w, https:\/\/ifd2-nqn.infd.edu.ar\/sitio\/wp-content\/uploads\/2026\/03\/LUNES-1-768x576.png 768w, https:\/\/ifd2-nqn.infd.edu.ar\/sitio\/wp-content\/uploads\/2026\/03\/LUNES-1.png 1024w\" sizes=\"(max-width: 1000px) 100vw, 1000px\" \/><\/h3>\n<p><\/p><\/div><\/div>\n<hr \/>\n<h3><img decoding=\"async\" loading=\"lazy\" class=\"\" src=\"https:\/\/c.tenor.com\/Zi7IOW_EpPAAAAAC\/arrow-blue.gif\" alt=\"Arrow Blue GIF - Arrow Blue Turquoise - Descubre &amp; Comparte GIFs\" width=\"59\" height=\"34\" \/>Docentes:<\/h3>\n<h4>\u00bfC\u00f3mo conformar la planilla de estudiantes para ser cargada en el Aula Virtual?<\/h4>\n<h5><strong>OPCI\u00d3N 1:<\/strong><\/h5>\n<div>Formulario y QR para la inscripci\u00f3n aut\u00f3noma del estudiante al espacio curricular, con link de inscripci\u00f3n y QR (Solicitar link y QR junto al pedido de Aula Virtual, al Equipo de Trabajo de Aulas Virtuales al\u00a0 correo electr\u00f3nico de DOCENTES.)<\/div>\n<div><\/div>\n<div><\/div>\n<div><em>IMPORTANTE:<\/em><\/div>\n<div><\/div>\n<div>Establecer una <em><strong>fecha plazo<\/strong><\/em> de inscripci\u00f3n con los estudiantes para realizar la carga completa de estudiantes. Y dar aviso al Equipo de Trabajo de Aulas Virtuales al\u00a0 correo electr\u00f3nico de DOCENTES.<\/div>\n<div><\/div>\n<div style=\"text-align: center;\">________________________________________________________<\/div>\n<div><\/div>\n<h5><strong>OPCI\u00d3N 2:\u00a0<\/strong><\/h5>\n<div><\/div>\n<div>En un documento Excel:<\/div>\n<p><img decoding=\"async\" loading=\"lazy\" class=\"alignnone wp-image-3735 size-medium\" src=\"https:\/\/ifd2-nqn.infd.edu.ar\/sitio\/wp-content\/uploads\/2022\/03\/No-colocar-datos-e1648563440333-1000x453.png\" alt=\"\" width=\"1000\" height=\"453\" srcset=\"https:\/\/ifd2-nqn.infd.edu.ar\/sitio\/wp-content\/uploads\/2022\/03\/No-colocar-datos-e1648563440333-1000x453.png 1000w, https:\/\/ifd2-nqn.infd.edu.ar\/sitio\/wp-content\/uploads\/2022\/03\/No-colocar-datos-e1648563440333-1900x860.png 1900w, https:\/\/ifd2-nqn.infd.edu.ar\/sitio\/wp-content\/uploads\/2022\/03\/No-colocar-datos-e1648563440333-768x348.png 768w, https:\/\/ifd2-nqn.infd.edu.ar\/sitio\/wp-content\/uploads\/2022\/03\/No-colocar-datos-e1648563440333-1536x695.png 1536w, https:\/\/ifd2-nqn.infd.edu.ar\/sitio\/wp-content\/uploads\/2022\/03\/No-colocar-datos-e1648563440333.png 2000w\" sizes=\"(max-width: 1000px) 100vw, 1000px\" \/><\/p>\n<p>Luego de tener lista la planilla, enviar al correo electr\u00f3nico de DOCENTES, para poder cargar a tu aula.<\/p>\n","protected":false},"excerpt":{"rendered":"<p>Escribanos a los contactos oficiales, estamos para acompa\u00f1arte: DOCENTES: aulasvirtualesdocentes@gmail.com ESTUDIANTES: aulasvirtualesestudiantes@gmail.com Horarios de acompa\u00f1amiento Docentes: \u00bfC\u00f3mo conformar la planilla de estudiantes para ser cargada en el Aula Virtual? OPCI\u00d3N 1: Formulario y QR para la inscripci\u00f3n aut\u00f3noma del estudiante al espacio curricular, con link de inscripci\u00f3n y QR (Solicitar link y QR junto al &#8230; <a title=\"Aulas Virtuales\" class=\"read-more\" href=\"https:\/\/ifd2-nqn.infd.edu.ar\/sitio\/equipo-de-tecnologia\/\" aria-label=\"More on Aulas Virtuales\">[+]<\/a><\/p>\n","protected":false},"author":57,"featured_media":0,"parent":0,"menu_order":0,"comment_status":"closed","ping_status":"closed","template":"","meta":[],"acf":[],"_links":{"self":[{"href":"https:\/\/ifd2-nqn.infd.edu.ar\/sitio\/wp-json\/wp\/v2\/pages\/1436"}],"collection":[{"href":"https:\/\/ifd2-nqn.infd.edu.ar\/sitio\/wp-json\/wp\/v2\/pages"}],"about":[{"href":"https:\/\/ifd2-nqn.infd.edu.ar\/sitio\/wp-json\/wp\/v2\/types\/page"}],"author":[{"embeddable":true,"href":"https:\/\/ifd2-nqn.infd.edu.ar\/sitio\/wp-json\/wp\/v2\/users\/57"}],"replies":[{"embeddable":true,"href":"https:\/\/ifd2-nqn.infd.edu.ar\/sitio\/wp-json\/wp\/v2\/comments?post=1436"}],"version-history":[{"count":34,"href":"https:\/\/ifd2-nqn.infd.edu.ar\/sitio\/wp-json\/wp\/v2\/pages\/1436\/revisions"}],"predecessor-version":[{"id":9901,"href":"https:\/\/ifd2-nqn.infd.edu.ar\/sitio\/wp-json\/wp\/v2\/pages\/1436\/revisions\/9901"}],"wp:attachment":[{"href":"https:\/\/ifd2-nqn.infd.edu.ar\/sitio\/wp-json\/wp\/v2\/media?parent=1436"}],"curies":[{"name":"wp","href":"https:\/\/api.w.org\/{rel}","templated":true}]}}