{"id":1684,"date":"2019-06-06T20:45:19","date_gmt":"2019-06-06T23:45:19","guid":{"rendered":"https:\/\/ifd2-nqn.infd.edu.ar\/sitio\/?page_id=1684"},"modified":"2022-02-21T20:46:49","modified_gmt":"2022-02-21T23:46:49","slug":"disposiciones","status":"publish","type":"page","link":"https:\/\/ifd2-nqn.infd.edu.ar\/sitio\/disposiciones\/","title":{"rendered":"Disposiciones"},"content":{"rendered":"<h5>A continuaci\u00f3n podr\u00e1n descargar las disposiciones para extensi\u00f3n:<\/h5>\n<h4><a href=\"https:\/\/ifd2-nqn.infd.edu.ar\/sitio\/wp-content\/uploads\/2019\/06\/Disposici%C3%B3n-N%C2%BA-051_13.pdf\">Disposici\u00f3n-N\u00ba-051_13<\/a><\/h4>\n<h4><a href=\"https:\/\/ifd2-nqn.infd.edu.ar\/sitio\/wp-content\/uploads\/2019\/06\/r_1812_03.pdf\">Resoluci\u00f3n_1812_03<\/a><\/h4>\n<h5>A continuaci\u00f3n podr\u00e1n descargar las disposiciones para investigaci\u00f3n:<\/h5>\n<h5><a href=\"https:\/\/ifd2-nqn.infd.edu.ar\/sitio\/wp-content\/uploads\/2022\/02\/DISPOSICICIONES-INVESTIGACION.pdf\">DISPOSICICIONES INVESTIGACI\u00d3N<\/a><!--more--><\/h5>\n","protected":false},"excerpt":{"rendered":"<p>A continuaci\u00f3n podr\u00e1n descargar las disposiciones para extensi\u00f3n: Disposici\u00f3n-N\u00ba-051_13 Resoluci\u00f3n_1812_03 A continuaci\u00f3n podr\u00e1n descargar las disposiciones para investigaci\u00f3n: DISPOSICICIONES INVESTIGACI\u00d3N<\/p>\n","protected":false},"author":103,"featured_media":0,"parent":0,"menu_order":0,"comment_status":"closed","ping_status":"closed","template":"","meta":[],"acf":[],"_links":{"self":[{"href":"https:\/\/ifd2-nqn.infd.edu.ar\/sitio\/wp-json\/wp\/v2\/pages\/1684"}],"collection":[{"href":"https:\/\/ifd2-nqn.infd.edu.ar\/sitio\/wp-json\/wp\/v2\/pages"}],"about":[{"href":"https:\/\/ifd2-nqn.infd.edu.ar\/sitio\/wp-json\/wp\/v2\/types\/page"}],"author":[{"embeddable":true,"href":"https:\/\/ifd2-nqn.infd.edu.ar\/sitio\/wp-json\/wp\/v2\/users\/103"}],"replies":[{"embeddable":true,"href":"https:\/\/ifd2-nqn.infd.edu.ar\/sitio\/wp-json\/wp\/v2\/comments?post=1684"}],"version-history":[{"count":3,"href":"https:\/\/ifd2-nqn.infd.edu.ar\/sitio\/wp-json\/wp\/v2\/pages\/1684\/revisions"}],"predecessor-version":[{"id":3352,"href":"https:\/\/ifd2-nqn.infd.edu.ar\/sitio\/wp-json\/wp\/v2\/pages\/1684\/revisions\/3352"}],"wp:attachment":[{"href":"https:\/\/ifd2-nqn.infd.edu.ar\/sitio\/wp-json\/wp\/v2\/media?parent=1684"}],"curies":[{"name":"wp","href":"https:\/\/api.w.org\/{rel}","templated":true}]}}