{"id":1898,"date":"2019-09-30T18:12:35","date_gmt":"2019-09-30T21:12:35","guid":{"rendered":"https:\/\/ifd2-nqn.infd.edu.ar\/sitio\/?page_id=1898"},"modified":"2025-10-06T10:42:33","modified_gmt":"2025-10-06T13:42:33","slug":"novedades-ed-fisica","status":"publish","type":"page","link":"https:\/\/ifd2-nqn.infd.edu.ar\/sitio\/profesorado-de-educacion-fisica\/novedades-ed-fisica\/","title":{"rendered":"Documentos"},"content":{"rendered":"<p><strong>CONTACTO:<\/strong><\/p>\n<p><strong><img decoding=\"async\" loading=\"lazy\" class=\"\" src=\"https:\/\/c.tenor.com\/Zi7IOW_EpPAAAAAC\/arrow-blue.gif\" alt=\"Arrow Blue GIF - Arrow Blue Turquoise - Descubre &amp; Comparte GIFs\" width=\"32\" height=\"18\" \/>Profesorado de Educaci\u00f3n F\u00edsica:<\/strong><\/p>\n<p>Correo:\u00a0<a href=\"mailto:coordinacionpef.chml@gmail.com\">coordinacionpef.chml@gmail.com<\/a><\/p>\n<hr \/>\n<p>El egresado del\u00a0<strong>Profesorado de Educaci\u00f3n F\u00edsica\u00a0<\/strong>estar\u00e1 capacitado para ejercer la docencia en distintos niveles y modalidades del sistema educativo oficial-privado, formal y no formal en todo el territorio Argentino.<\/p>\n<p>Planificar, conducir, ejecutar procesos de ense\u00f1anza-aprendizaje en el \u00e1rea de la E.F., el deporte y la vida en la naturaleza.<\/p>\n<p>Desempe\u00f1arse como preparador f\u00edsico en el \u00e1mbito educativo y deportivo, en instituciones de gesti\u00f3n estatal, privadas e instituciones intermedias como por ejemplos: clubes, gimnasios, centros de educaci\u00f3n f\u00edsica, colegios privados y p\u00fablicos, etc.<\/p>\n<p>Realizar proyectos a trav\u00e9s del dominio integral de la metodolog\u00eda de la investigaci\u00f3n, la teor\u00eda de la Educaci\u00f3n y la did\u00e1ctica especial de la Educaci\u00f3n F\u00edsica y el deporte, para todos los niveles y modalidades del sistema educativo y del \u00e1rea socio-comunitaria.<\/p>\n<hr \/>\n<p><img decoding=\"async\" loading=\"lazy\" class=\"alignnone size-medium wp-image-9427\" src=\"https:\/\/ifd2-nqn.infd.edu.ar\/sitio\/wp-content\/uploads\/2025\/10\/WhatsApp-Image-2025-10-03-at-21.11.57-1000x706.jpeg\" alt=\"\" width=\"1000\" height=\"706\" srcset=\"https:\/\/ifd2-nqn.infd.edu.ar\/sitio\/wp-content\/uploads\/2025\/10\/WhatsApp-Image-2025-10-03-at-21.11.57-1000x706.jpeg 1000w, https:\/\/ifd2-nqn.infd.edu.ar\/sitio\/wp-content\/uploads\/2025\/10\/WhatsApp-Image-2025-10-03-at-21.11.57-768x542.jpeg 768w, https:\/\/ifd2-nqn.infd.edu.ar\/sitio\/wp-content\/uploads\/2025\/10\/WhatsApp-Image-2025-10-03-at-21.11.57.jpeg 1280w\" sizes=\"(max-width: 1000px) 100vw, 1000px\" \/> <img decoding=\"async\" loading=\"lazy\" class=\"alignnone size-medium wp-image-9426\" src=\"https:\/\/ifd2-nqn.infd.edu.ar\/sitio\/wp-content\/uploads\/2025\/10\/WhatsApp-Image-2025-10-03-at-21.11.58-1000x706.jpeg\" alt=\"\" width=\"1000\" height=\"706\" srcset=\"https:\/\/ifd2-nqn.infd.edu.ar\/sitio\/wp-content\/uploads\/2025\/10\/WhatsApp-Image-2025-10-03-at-21.11.58-1000x706.jpeg 1000w, https:\/\/ifd2-nqn.infd.edu.ar\/sitio\/wp-content\/uploads\/2025\/10\/WhatsApp-Image-2025-10-03-at-21.11.58-768x542.jpeg 768w, https:\/\/ifd2-nqn.infd.edu.ar\/sitio\/wp-content\/uploads\/2025\/10\/WhatsApp-Image-2025-10-03-at-21.11.58.jpeg 1280w\" sizes=\"(max-width: 1000px) 100vw, 1000px\" \/><\/p>\n<hr \/>\n<h4><a href=\"https:\/\/ifd2-nqn.infd.edu.ar\/sitio\/wp-admin\/upload\/Plan_de_Estudio_525_Ed._Fisica.pdf\">Click aqu\u00ed para descargar el Dise\u00f1o Curricular Plan de Estudio 525<\/a><\/h4>\n<h4><strong><a href=\"https:\/\/drive.google.com\/open?id=1jwNe7hzZi0Fr016KUekbOvfc_yNarDEb\">Click aqu\u00ed para descargar el Dise\u00f1o Curricular Plan de Estudio 688 \u2013 Parte I<\/a><\/strong><\/h4>\n<h4><strong><a href=\"https:\/\/drive.google.com\/open?id=11ocrTz1pP3vWzcSuMTpPyCLl8-G2kSWt\">Click aqu\u00ed para descargar el Dise\u00f1o Curricular Plan de Estudio 688 \u2013 Parte II<\/a><\/strong><\/h4>\n<h4><a href=\"https:\/\/ifd2-nqn.infd.edu.ar\/sitio\/wp-content\/uploads\/2022\/03\/Correlativas-Plan-525.pdf\">Click aqu\u00ed para descargar Correlativas Plan 525<\/a><\/h4>\n<h4><a href=\"https:\/\/ifd2-nqn.infd.edu.ar\/sitio\/wp-content\/uploads\/2022\/03\/Correlativas-Plan-688.pdf\">Click aqu\u00ed para descargar Correlativas Plan 688<\/a><\/h4>\n","protected":false},"excerpt":{"rendered":"<p>CONTACTO: Profesorado de Educaci\u00f3n F\u00edsica: Correo:\u00a0coordinacionpef.chml@gmail.com El egresado del\u00a0Profesorado de Educaci\u00f3n F\u00edsica\u00a0estar\u00e1 capacitado para ejercer la docencia en distintos niveles y modalidades del sistema educativo oficial-privado, formal y no formal en todo el territorio Argentino. Planificar, conducir, ejecutar procesos de ense\u00f1anza-aprendizaje en el \u00e1rea de la E.F., el deporte y la vida en la naturaleza. &#8230; <a title=\"Documentos\" class=\"read-more\" href=\"https:\/\/ifd2-nqn.infd.edu.ar\/sitio\/profesorado-de-educacion-fisica\/novedades-ed-fisica\/\" aria-label=\"More on Documentos\">[+]<\/a><\/p>\n","protected":false},"author":134,"featured_media":0,"parent":808,"menu_order":0,"comment_status":"closed","ping_status":"closed","template":"","meta":[],"acf":[],"_links":{"self":[{"href":"https:\/\/ifd2-nqn.infd.edu.ar\/sitio\/wp-json\/wp\/v2\/pages\/1898"}],"collection":[{"href":"https:\/\/ifd2-nqn.infd.edu.ar\/sitio\/wp-json\/wp\/v2\/pages"}],"about":[{"href":"https:\/\/ifd2-nqn.infd.edu.ar\/sitio\/wp-json\/wp\/v2\/types\/page"}],"author":[{"embeddable":true,"href":"https:\/\/ifd2-nqn.infd.edu.ar\/sitio\/wp-json\/wp\/v2\/users\/134"}],"replies":[{"embeddable":true,"href":"https:\/\/ifd2-nqn.infd.edu.ar\/sitio\/wp-json\/wp\/v2\/comments?post=1898"}],"version-history":[{"count":14,"href":"https:\/\/ifd2-nqn.infd.edu.ar\/sitio\/wp-json\/wp\/v2\/pages\/1898\/revisions"}],"predecessor-version":[{"id":9429,"href":"https:\/\/ifd2-nqn.infd.edu.ar\/sitio\/wp-json\/wp\/v2\/pages\/1898\/revisions\/9429"}],"up":[{"embeddable":true,"href":"https:\/\/ifd2-nqn.infd.edu.ar\/sitio\/wp-json\/wp\/v2\/pages\/808"}],"wp:attachment":[{"href":"https:\/\/ifd2-nqn.infd.edu.ar\/sitio\/wp-json\/wp\/v2\/media?parent=1898"}],"curies":[{"name":"wp","href":"https:\/\/api.w.org\/{rel}","templated":true}]}}