{"id":2402,"date":"2019-12-04T10:36:39","date_gmt":"2019-12-04T13:36:39","guid":{"rendered":"https:\/\/ifd2-nqn.infd.edu.ar\/sitio\/?page_id=2402"},"modified":"2024-03-01T16:34:47","modified_gmt":"2024-03-01T19:34:47","slug":"protocolo-de-violencia","status":"publish","type":"page","link":"https:\/\/ifd2-nqn.infd.edu.ar\/sitio\/protocolo-de-violencia\/","title":{"rendered":"Protocolo de Intervenci\u00f3n en situaciones de violencia de g\u00e9nero"},"content":{"rendered":"<h2 align=\"center\">&nbsp;<\/h2>\n<h2 align=\"center\"><strong><img decoding=\"async\" loading=\"lazy\" class=\"alignnone  wp-image-7207\" src=\"https:\/\/ifd2-nqn.infd.edu.ar\/sitio\/wp-content\/uploads\/2023\/10\/WhatsApp-Image-2023-10-31-at-10.58.00-1000x1000.jpeg\" alt=\"\" width=\"336\" height=\"336\" srcset=\"https:\/\/ifd2-nqn.infd.edu.ar\/sitio\/wp-content\/uploads\/2023\/10\/WhatsApp-Image-2023-10-31-at-10.58.00-1000x1000.jpeg 1000w, https:\/\/ifd2-nqn.infd.edu.ar\/sitio\/wp-content\/uploads\/2023\/10\/WhatsApp-Image-2023-10-31-at-10.58.00-500x500.jpeg 500w, https:\/\/ifd2-nqn.infd.edu.ar\/sitio\/wp-content\/uploads\/2023\/10\/WhatsApp-Image-2023-10-31-at-10.58.00-768x768.jpeg 768w, https:\/\/ifd2-nqn.infd.edu.ar\/sitio\/wp-content\/uploads\/2023\/10\/WhatsApp-Image-2023-10-31-at-10.58.00.jpeg 1080w\" sizes=\"(max-width: 336px) 100vw, 336px\" \/><\/strong><\/h2>\n<h2 align=\"center\">Nos podes encontrar los <strong>Martes de 9 a 11:30&nbsp;hs. <\/strong>en el CIART N\u00b04 Chos Malal o solicitar contacto en direcci\u00f3n del ISFD N\u00b02<\/h2>\n<hr>\n<h4 align=\"center\"><b>25 de noviembre D\u00eda Internacional de Eliminaci\u00f3n de la Violencia hacia las mujeres<\/b><\/h4>\n<p align=\"center\"><b>Primer Protocolo de acci\u00f3n institucional para la prevenci\u00f3n e intervenci\u00f3n ante situaciones de violencia o discriminaci\u00f3n hacia las MUJERES o personas LGBTIQ+ de la Provincia del Neuqu\u00e9n para el ISFD N\u00b0 2<\/b><\/p>\n<p>En un dia de reflexi\u00f3n y lucha contra la violencia hacia las mujeres, el cuerpo colegiado del Consejo de Politicas Institucionales (CPI) del Instituto Superior de Formaci\u00f3n Docente N\u00b0 2 aprob\u00f3 por unanimidad el Protocolo de acci\u00f3n institucional para la prevenci\u00f3n e intervenci\u00f3n ante situaciones de violencia o discriminaci\u00f3n hacia las MUJERES o personas LGBTIQ+.<\/p>\n<p>Despues de un a\u00f1o y medio de trabajo del Equipo Redactor con instancias de consultas, intervenci\u00f3n y formaci\u00f3n donde se abri\u00f3 el documento al enriquecimiento y debate, \u00e9ste se constituye en una herramienta pedag\u00f3gica de transformaci\u00f3n de las matrices patriarcales y machistas que como Instituto no estamos ajenos y que como parte de la sociedad nos atraviesa.<\/p>\n<p>El Protocolo de acci\u00f3n institucional para la prevenci\u00f3n e intervenci\u00f3n ante situaciones de violencia o discriminaci\u00f3n hacia las MUJERES o personas LGBTIQ+ se convierte en el primero de su tipo dentro de los ISFD de la Provincia del Neuqu\u00e9n, por lo que para su implementaci\u00f3n est\u00e1 por hacer. Desaf\u00edos a lo que como integrantes del Instituto estamos dispuestes persiguiendo&nbsp;como objetivo, la formaci\u00f3n y desarrollo integral en un espacio de trabajo y estudio respetuoso con la dignidad de las personas y sus derechos humanos fundamentales, transform\u00e1ndonos en un espacio libre de todo tipo de violencias&nbsp; contra las mujeres y personas LGBTIQ+ y exento de discriminaci\u00f3n.<\/p>\n<p>Con la aprobaci\u00f3n del Protocolo este ISFD N\u00b0 2 sostiene un compromiso para no tolerar acciones de violencia o discriminaci\u00f3n y reconoce la necesidad de prevenir estas situaciones y erradicarlas cuando aparezcan, de forma que se preserve la dignidad, los derechos fundamentales de las personas que integran la comunidad educativa.<\/p>\n<p>A TODES LES QUE FUERON PARTE EN ESTE PROCESO, FELICITACIONES<\/p>\n<p><img decoding=\"async\" loading=\"lazy\" class=\"size-full wp-image-2257 aligncenter\" src=\"https:\/\/ifd2-nqn.infd.edu.ar\/sitio\/wp-content\/uploads\/2019\/11\/Now-in-AnyCity.png\" alt=\"\" width=\"2000\" height=\"1600\" srcset=\"https:\/\/ifd2-nqn.infd.edu.ar\/sitio\/wp-content\/uploads\/2019\/11\/Now-in-AnyCity.png 2000w, https:\/\/ifd2-nqn.infd.edu.ar\/sitio\/wp-content\/uploads\/2019\/11\/Now-in-AnyCity-1000x800.png 1000w, https:\/\/ifd2-nqn.infd.edu.ar\/sitio\/wp-content\/uploads\/2019\/11\/Now-in-AnyCity-768x614.png 768w, https:\/\/ifd2-nqn.infd.edu.ar\/sitio\/wp-content\/uploads\/2019\/11\/Now-in-AnyCity-1900x1520.png 1900w\" sizes=\"(max-width: 2000px) 100vw, 2000px\" \/>Documento Definitivo: <a href=\"https:\/\/ifd2-nqn.infd.edu.ar\/sitio\/wp-content\/uploads\/2022\/06\/Protocolo-de-violencia-hacia-las-mujeres-y-LGBTIQ-VERSION-APROBADA.pdf\">Protocolo de violencia hacia las mujeres y LGBTIQ &#8211; VERSION APROBADA<\/a><\/p>\n\n\n<p><strong>Colaboraci\u00f3n de los estudiantes de 1 a\u00f1o del Profesorado de ingl\u00e9s. A\u00f1o 2023.<br>\u00abLeyes que acompa\u00f1an al Protocolo de Intervenci\u00f3n en Violencia de G\u00e9nero del ISFD2\u00bb<\/strong><\/p>\n\n\n\n<p> <\/p>\n\n\n\n<p><a rel=\"noreferrer noopener\" href=\"https:\/\/ifd2-nqn.infd.edu.ar\/sitio\/wp-content\/uploads\/2024\/03\/Folleto-Ley-26485-2-1.pdf\" data-type=\"URL\" data-id=\"https:\/\/ifd2-nqn.infd.edu.ar\/sitio\/wp-content\/uploads\/2024\/03\/Folleto-Ley-26485-2-1.pdf\" target=\"_blank\">Folleto-Ley-26485<\/a><\/p>\n\n\n\n<p><a href=\"https:\/\/ifd2-nqn.infd.edu.ar\/sitio\/wp-content\/uploads\/2024\/03\/Ley-26485.pdf\" data-type=\"URL\" data-id=\"https:\/\/ifd2-nqn.infd.edu.ar\/sitio\/wp-content\/uploads\/2024\/03\/Ley-26485.pdf\" target=\"_blank\" rel=\"noreferrer noopener\">Ley-26485<\/a><\/p>\n\n\n\n<p><\/p>\n","protected":false},"excerpt":{"rendered":"<p>&nbsp; Nos podes encontrar los Martes de 9 a 11:30&nbsp;hs. en el CIART N\u00b04 Chos Malal o solicitar contacto en direcci\u00f3n del ISFD N\u00b02 25 de noviembre D\u00eda Internacional de Eliminaci\u00f3n de la Violencia hacia las mujeres Primer Protocolo de acci\u00f3n institucional para la prevenci\u00f3n e intervenci\u00f3n ante situaciones de violencia o discriminaci\u00f3n hacia las &#8230; <a title=\"Protocolo de Intervenci\u00f3n en situaciones de violencia de g\u00e9nero\" class=\"read-more\" href=\"https:\/\/ifd2-nqn.infd.edu.ar\/sitio\/protocolo-de-violencia\/\" aria-label=\"More on Protocolo de Intervenci\u00f3n en situaciones de violencia de g\u00e9nero\">[+]<\/a><\/p>\n","protected":false},"author":134,"featured_media":0,"parent":0,"menu_order":0,"comment_status":"closed","ping_status":"closed","template":"","meta":[],"acf":[],"_links":{"self":[{"href":"https:\/\/ifd2-nqn.infd.edu.ar\/sitio\/wp-json\/wp\/v2\/pages\/2402"}],"collection":[{"href":"https:\/\/ifd2-nqn.infd.edu.ar\/sitio\/wp-json\/wp\/v2\/pages"}],"about":[{"href":"https:\/\/ifd2-nqn.infd.edu.ar\/sitio\/wp-json\/wp\/v2\/types\/page"}],"author":[{"embeddable":true,"href":"https:\/\/ifd2-nqn.infd.edu.ar\/sitio\/wp-json\/wp\/v2\/users\/134"}],"replies":[{"embeddable":true,"href":"https:\/\/ifd2-nqn.infd.edu.ar\/sitio\/wp-json\/wp\/v2\/comments?post=2402"}],"version-history":[{"count":31,"href":"https:\/\/ifd2-nqn.infd.edu.ar\/sitio\/wp-json\/wp\/v2\/pages\/2402\/revisions"}],"predecessor-version":[{"id":7427,"href":"https:\/\/ifd2-nqn.infd.edu.ar\/sitio\/wp-json\/wp\/v2\/pages\/2402\/revisions\/7427"}],"wp:attachment":[{"href":"https:\/\/ifd2-nqn.infd.edu.ar\/sitio\/wp-json\/wp\/v2\/media?parent=2402"}],"curies":[{"name":"wp","href":"https:\/\/api.w.org\/{rel}","templated":true}]}}