{"id":286,"date":"2016-10-31T13:17:59","date_gmt":"2016-10-31T16:17:59","guid":{"rendered":"https:\/\/ifd2-nqn.infd.edu.ar\/sitio\/?page_id=286"},"modified":"2026-04-30T23:09:59","modified_gmt":"2026-05-01T02:09:59","slug":"inicio","status":"publish","type":"page","link":"https:\/\/ifd2-nqn.infd.edu.ar\/sitio\/","title":{"rendered":"Inicio"},"content":{"rendered":"<p style=\"text-align: right;\"><strong><span style=\"color: #0000ff;\"><span style=\"color: #ff0000;\"><span style=\"color: #000000;\"><em>Seguinos en nuestras redes\u00a0 \u00a0 <\/em><\/span><span style=\"color: #ff6600;\"><img decoding=\"async\" loading=\"lazy\" class=\"alignnone  wp-image-9291\" src=\"https:\/\/ifd2-nqn.infd.edu.ar\/sitio\/wp-content\/uploads\/2025\/08\/flecha-correcta.png\" alt=\"\" width=\"34\" height=\"34\" srcset=\"https:\/\/ifd2-nqn.infd.edu.ar\/sitio\/wp-content\/uploads\/2025\/08\/flecha-correcta.png 512w, https:\/\/ifd2-nqn.infd.edu.ar\/sitio\/wp-content\/uploads\/2025\/08\/flecha-correcta-500x500.png 500w\" sizes=\"(max-width: 34px) 100vw, 34px\" \/><\/span><\/span><\/span><\/strong>\u00a0 \u00a0 \u00a0 \u00a0 \u00a0 <a href=\"https:\/\/www.youtube.com\/channel\/UCmA8HRjeoXULznAbm9l35gw\" target=\"_blank\" rel=\"noopener\"><img decoding=\"async\" loading=\"lazy\" class=\"alignnone wp-image-2486\" src=\"https:\/\/ifd2-nqn.infd.edu.ar\/sitio\/wp-content\/uploads\/2019\/12\/kisspng-youtube-computer-icons-logo-clip-art-5b3871d0eaddb7.296285981530425808962-1.jpg\" alt=\"\" width=\"57\" height=\"40\" \/><\/a>\u00a0 \u00a0 \u00a0<a href=\"https:\/\/www.facebook.com\/ISFD2\/\" target=\"_blank\" rel=\"noopener\"><img decoding=\"async\" loading=\"lazy\" class=\"alignnone wp-image-2479\" src=\"https:\/\/ifd2-nqn.infd.edu.ar\/sitio\/wp-content\/uploads\/2019\/12\/facebook_social_fb_7213.png\" alt=\"\" width=\"40\" height=\"40\" \/><\/a>\u00a0 \u00a0<a href=\"https:\/\/instagram.com\/isfd2?utm_medium=copy_link\" target=\"_blank\" rel=\"noopener\"><img decoding=\"async\" loading=\"lazy\" class=\"alignnone wp-image-3384\" src=\"https:\/\/ifd2-nqn.infd.edu.ar\/sitio\/wp-content\/uploads\/2022\/02\/1025px-Instagram-Icon-1000x1000.png\" alt=\"\" width=\"42\" height=\"42\" srcset=\"https:\/\/ifd2-nqn.infd.edu.ar\/sitio\/wp-content\/uploads\/2022\/02\/1025px-Instagram-Icon-1000x1000.png 1000w, https:\/\/ifd2-nqn.infd.edu.ar\/sitio\/wp-content\/uploads\/2022\/02\/1025px-Instagram-Icon-500x500.png 500w, https:\/\/ifd2-nqn.infd.edu.ar\/sitio\/wp-content\/uploads\/2022\/02\/1025px-Instagram-Icon-768x767.png 768w, https:\/\/ifd2-nqn.infd.edu.ar\/sitio\/wp-content\/uploads\/2022\/02\/1025px-Instagram-Icon.png 1025w\" sizes=\"(max-width: 42px) 100vw, 42px\" \/><\/a><strong>\u00a0 \u00a0<\/strong><\/p>\n<p>COLOR<\/p>\n<p><img decoding=\"async\" loading=\"lazy\" class=\"wp-image-9949 aligncenter\" src=\"https:\/\/ifd2-nqn.infd.edu.ar\/sitio\/wp-content\/uploads\/2026\/04\/comunicados-Historia-de-Instagram-Post-de-Instagram-45-2-800x1000.png\" alt=\"\" width=\"450\" height=\"563\" srcset=\"https:\/\/ifd2-nqn.infd.edu.ar\/sitio\/wp-content\/uploads\/2026\/04\/comunicados-Historia-de-Instagram-Post-de-Instagram-45-2-800x1000.png 800w, https:\/\/ifd2-nqn.infd.edu.ar\/sitio\/wp-content\/uploads\/2026\/04\/comunicados-Historia-de-Instagram-Post-de-Instagram-45-2-768x960.png 768w, https:\/\/ifd2-nqn.infd.edu.ar\/sitio\/wp-content\/uploads\/2026\/04\/comunicados-Historia-de-Instagram-Post-de-Instagram-45-2.png 1080w\" sizes=\"(max-width: 450px) 100vw, 450px\" \/><\/p>\n<hr \/>\n<p><img decoding=\"async\" loading=\"lazy\" class=\"alignnone  wp-image-9969\" src=\"https:\/\/ifd2-nqn.infd.edu.ar\/sitio\/wp-content\/uploads\/2026\/04\/Cobertura-espacios-excepcional-1-800x1000.jpg\" alt=\"\" width=\"420\" height=\"525\" srcset=\"https:\/\/ifd2-nqn.infd.edu.ar\/sitio\/wp-content\/uploads\/2026\/04\/Cobertura-espacios-excepcional-1-800x1000.jpg 800w, https:\/\/ifd2-nqn.infd.edu.ar\/sitio\/wp-content\/uploads\/2026\/04\/Cobertura-espacios-excepcional-1-768x960.jpg 768w, https:\/\/ifd2-nqn.infd.edu.ar\/sitio\/wp-content\/uploads\/2026\/04\/Cobertura-espacios-excepcional-1.jpg 1080w\" sizes=\"(max-width: 420px) 100vw, 420px\" \/><\/p>\n<p><img decoding=\"async\" loading=\"lazy\" class=\"alignnone  wp-image-9011\" src=\"https:\/\/ifd2-nqn.infd.edu.ar\/sitio\/wp-content\/uploads\/2025\/06\/trabajar.png\" alt=\"\" width=\"23\" height=\"23\" srcset=\"https:\/\/ifd2-nqn.infd.edu.ar\/sitio\/wp-content\/uploads\/2025\/06\/trabajar.png 512w, https:\/\/ifd2-nqn.infd.edu.ar\/sitio\/wp-content\/uploads\/2025\/06\/trabajar-500x500.png 500w\" sizes=\"(max-width: 23px) 100vw, 23px\" \/>Subir la documentaci\u00f3n pertinente en cada solapa.<br \/><img decoding=\"async\" loading=\"lazy\" class=\"alignnone  wp-image-9011\" src=\"https:\/\/ifd2-nqn.infd.edu.ar\/sitio\/wp-content\/uploads\/2025\/06\/trabajar.png\" alt=\"\" width=\"23\" height=\"23\" srcset=\"https:\/\/ifd2-nqn.infd.edu.ar\/sitio\/wp-content\/uploads\/2025\/06\/trabajar.png 512w, https:\/\/ifd2-nqn.infd.edu.ar\/sitio\/wp-content\/uploads\/2025\/06\/trabajar-500x500.png 500w\" sizes=\"(max-width: 23px) 100vw, 23px\" \/>Recuerde que es con toma inmediata<br \/><img decoding=\"async\" loading=\"lazy\" class=\"alignnone  wp-image-9011\" src=\"https:\/\/ifd2-nqn.infd.edu.ar\/sitio\/wp-content\/uploads\/2025\/06\/trabajar.png\" alt=\"\" width=\"23\" height=\"23\" srcset=\"https:\/\/ifd2-nqn.infd.edu.ar\/sitio\/wp-content\/uploads\/2025\/06\/trabajar.png 512w, https:\/\/ifd2-nqn.infd.edu.ar\/sitio\/wp-content\/uploads\/2025\/06\/trabajar-500x500.png 500w\" sizes=\"(max-width: 23px) 100vw, 23px\" \/>NO SE PODR\u00c1 TRAMITAR LICENCIA PARA HACER EFECTIVA LA POSESI\u00d3N DE DICHA HORAS.<br \/><img decoding=\"async\" loading=\"lazy\" class=\"alignnone  wp-image-9011\" src=\"https:\/\/ifd2-nqn.infd.edu.ar\/sitio\/wp-content\/uploads\/2025\/06\/trabajar.png\" alt=\"\" width=\"23\" height=\"23\" srcset=\"https:\/\/ifd2-nqn.infd.edu.ar\/sitio\/wp-content\/uploads\/2025\/06\/trabajar.png 512w, https:\/\/ifd2-nqn.infd.edu.ar\/sitio\/wp-content\/uploads\/2025\/06\/trabajar-500x500.png 500w\" sizes=\"(max-width: 23px) 100vw, 23px\" \/>Se realiza el llamado v\u00eda telef\u00f3nica<br \/><img decoding=\"async\" loading=\"lazy\" class=\"alignnone  wp-image-9011\" src=\"https:\/\/ifd2-nqn.infd.edu.ar\/sitio\/wp-content\/uploads\/2025\/06\/trabajar.png\" alt=\"\" width=\"23\" height=\"23\" srcset=\"https:\/\/ifd2-nqn.infd.edu.ar\/sitio\/wp-content\/uploads\/2025\/06\/trabajar.png 512w, https:\/\/ifd2-nqn.infd.edu.ar\/sitio\/wp-content\/uploads\/2025\/06\/trabajar-500x500.png 500w\" sizes=\"(max-width: 23px) 100vw, 23px\" \/>Se les solicitar\u00e1 una planificaci\u00f3n explicando c\u00f3mo llevar\u00e1 a cabo el espacio al que se anota.<\/p>\n<p><img decoding=\"async\" loading=\"lazy\" class=\"alignnone  wp-image-8659\" src=\"https:\/\/ifd2-nqn.infd.edu.ar\/sitio\/wp-content\/uploads\/2025\/04\/calendario.png\" alt=\"\" width=\"31\" height=\"31\" srcset=\"https:\/\/ifd2-nqn.infd.edu.ar\/sitio\/wp-content\/uploads\/2025\/04\/calendario.png 512w, https:\/\/ifd2-nqn.infd.edu.ar\/sitio\/wp-content\/uploads\/2025\/04\/calendario-500x500.png 500w\" sizes=\"(max-width: 31px) 100vw, 31px\" \/> PERIODO DE INSCRIPCI\u00d3N DEL 30\/04 AL 04\/05 HASTA LAS 8 AM.<\/p>\n<p><img decoding=\"async\" loading=\"lazy\" class=\"alignnone  wp-image-8663\" src=\"https:\/\/ifd2-nqn.infd.edu.ar\/sitio\/wp-content\/uploads\/2025\/04\/enlace.png\" alt=\"\" width=\"33\" height=\"33\" srcset=\"https:\/\/ifd2-nqn.infd.edu.ar\/sitio\/wp-content\/uploads\/2025\/04\/enlace.png 512w, https:\/\/ifd2-nqn.infd.edu.ar\/sitio\/wp-content\/uploads\/2025\/04\/enlace-500x500.png 500w\" sizes=\"(max-width: 33px) 100vw, 33px\" \/> ESPACIOS:\u00a0<a href=\"https:\/\/ifd2-nqn.infd.edu.ar\/sitio\/wp-content\/uploads\/2026\/04\/LLAMADO-EXCEPCIONAL-30-04-AL-4-05.pdf\" target=\"_blank\" rel=\"noopener\">LLAMADO EXCEPCIONAL<\/a><\/p>\n<p><img decoding=\"async\" loading=\"lazy\" class=\"alignnone  wp-image-8663\" src=\"https:\/\/ifd2-nqn.infd.edu.ar\/sitio\/wp-content\/uploads\/2025\/04\/enlace.png\" alt=\"\" width=\"33\" height=\"33\" srcset=\"https:\/\/ifd2-nqn.infd.edu.ar\/sitio\/wp-content\/uploads\/2025\/04\/enlace.png 512w, https:\/\/ifd2-nqn.infd.edu.ar\/sitio\/wp-content\/uploads\/2025\/04\/enlace-500x500.png 500w\" sizes=\"(max-width: 33px) 100vw, 33px\" \/> FORMULARIO DE INSCRIPCI\u00d3N:\u00a0<a href=\"https:\/\/docs.google.com\/forms\/d\/e\/1FAIpQLSer96yTvSgAbJyLahh4_Gr85xNIY57qZH_JdHR_SvZWzI8w4A\/viewform\" target=\"_blank\" rel=\"noopener\">LINK FORMULARIO<\/a><\/p>\n<p data-renderer-start-pos=\"1176\">\u00a0<\/p>\n<h3 style=\"text-align: center;\"><span style=\"color: #ffffff;\">#Novedades Institucionales<\/span><\/h3>\n<div  class=\"lgc-column lgc-grid-parent lgc-grid-50 lgc-tablet-grid-50 lgc-mobile-grid-100 lgc-equal-heights \"><div  class=\"inside-grid-column\"><div id=\"metaslider-id-9928\" style=\"width: 100%; margin: 0 auto;\" class=\"ml-slider-3-33-0 metaslider metaslider-flex metaslider-9928 ml-slider ms-theme-bubble has-carousel-mode has-dots-nav\" role=\"region\" aria-roledescription=\"Slideshow\" aria-label=\"Slideshow\">\n    <div id=\"metaslider_container_9928\">\n        <div id=\"metaslider_9928\" class=\"flexslider\">\n            <ul aria-live=\"polite\" class=\"slides\">\n                <li style=\"display: none; width: 100%;\" class=\"slide-9939 ms-image\" aria-roledescription=\"slide\" aria-label=\"slide-9939\"><img src=\"https:\/\/ifd2-nqn.infd.edu.ar\/sitio\/wp-content\/uploads\/2026\/03\/talleres-2026-2-512x698.png\" height=\"1500\" width=\"1100\" alt=\"\" class=\"slider-9928 slide-9939\" title=\"talleres 2026 (2)\" \/><\/li>\n                <li style=\"display: none; width: 100%;\" class=\"slide-9934 ms-image\" aria-roledescription=\"slide\" aria-label=\"slide-9934\"><img src=\"https:\/\/ifd2-nqn.infd.edu.ar\/sitio\/wp-content\/uploads\/2026\/03\/WhatsApp-Image-2026-03-12-at-10.37.40-512x698.jpeg\" height=\"1500\" width=\"1100\" alt=\"\" class=\"slider-9928 slide-9934\" title=\"WhatsApp Image 2026-03-12 at 10.37.40\" \/><\/li>\n                <li style=\"display: none; width: 100%;\" class=\"slide-9932 ms-image\" aria-roledescription=\"slide\" aria-label=\"slide-9932\"><img src=\"https:\/\/ifd2-nqn.infd.edu.ar\/sitio\/wp-content\/uploads\/2026\/03\/WhatsApp-Image-2026-03-18-at-19.10.36-512x698.jpeg\" height=\"1500\" width=\"1100\" alt=\"\" class=\"slider-9928 slide-9932\" title=\"WhatsApp Image 2026-03-18 at 19.10.36\" \/><\/li>\n            <\/ul>\n        <\/div>\n        \n    <\/div>\n<\/div><\/div><\/div>\n<div  class=\"lgc-column lgc-grid-parent lgc-grid-50 lgc-tablet-grid-50 lgc-mobile-grid-100 lgc-equal-heights \"><div  class=\"inside-grid-column\">\n<p><img decoding=\"async\" loading=\"lazy\" class=\"alignnone  wp-image-9434\" src=\"https:\/\/ifd2-nqn.infd.edu.ar\/sitio\/wp-content\/uploads\/2025\/10\/senal-de-peligro.png\" alt=\"\" width=\"47\" height=\"47\" srcset=\"https:\/\/ifd2-nqn.infd.edu.ar\/sitio\/wp-content\/uploads\/2025\/10\/senal-de-peligro.png 512w, https:\/\/ifd2-nqn.infd.edu.ar\/sitio\/wp-content\/uploads\/2025\/10\/senal-de-peligro-500x500.png 500w\" sizes=\"(max-width: 47px) 100vw, 47px\" \/>\u00a0 Info importante, inicio de cursada <span class=\"x7l2uk3 xt0e3qv\"><strong><em>#2026<\/em><\/strong><\/span><strong><em>.<\/em><\/strong> <\/p>\n<p><strong>ATENTOS\/AS<\/strong>\u00a0 a las publicaciones en Redes Sociales de cada profesorado. Van a estar informando sobre din\u00e1micas de inicio.<\/p>\n<p><img decoding=\"async\" loading=\"lazy\" class=\"alignnone  wp-image-9881\" src=\"https:\/\/ifd2-nqn.infd.edu.ar\/sitio\/wp-content\/uploads\/2026\/03\/marcador-de-posicion.png\" alt=\"\" width=\"32\" height=\"32\" srcset=\"https:\/\/ifd2-nqn.infd.edu.ar\/sitio\/wp-content\/uploads\/2026\/03\/marcador-de-posicion.png 512w, https:\/\/ifd2-nqn.infd.edu.ar\/sitio\/wp-content\/uploads\/2026\/03\/marcador-de-posicion-500x500.png 500w\" sizes=\"(max-width: 32px) 100vw, 32px\" \/>\u00bfD\u00f3nde curso?<\/p>\n<p><img decoding=\"async\" loading=\"lazy\" class=\"alignnone  wp-image-9880\" src=\"https:\/\/ifd2-nqn.infd.edu.ar\/sitio\/wp-content\/uploads\/2026\/03\/despertador.png\" alt=\"\" width=\"32\" height=\"32\" srcset=\"https:\/\/ifd2-nqn.infd.edu.ar\/sitio\/wp-content\/uploads\/2026\/03\/despertador.png 512w, https:\/\/ifd2-nqn.infd.edu.ar\/sitio\/wp-content\/uploads\/2026\/03\/despertador-500x500.png 500w\" sizes=\"(max-width: 32px) 100vw, 32px\" \/>\u00a0\u00bfHorarios?<\/p>\n<p><img decoding=\"async\" loading=\"lazy\" class=\"alignnone  wp-image-8659\" src=\"https:\/\/ifd2-nqn.infd.edu.ar\/sitio\/wp-content\/uploads\/2025\/04\/calendario.png\" alt=\"\" width=\"31\" height=\"31\" srcset=\"https:\/\/ifd2-nqn.infd.edu.ar\/sitio\/wp-content\/uploads\/2025\/04\/calendario.png 512w, https:\/\/ifd2-nqn.infd.edu.ar\/sitio\/wp-content\/uploads\/2025\/04\/calendario-500x500.png 500w\" sizes=\"(max-width: 31px) 100vw, 31px\" \/> Inicio de cursada de 1ro a 4to a\u00f1o.<\/p>\n<p>&nbsp;<\/p>\n<p>&nbsp;<\/p>\n<p><\/p><\/div><\/div>\n<p>&nbsp;<\/p>\n<hr \/>\n<div  class=\"lgc-column lgc-grid-parent lgc-grid-50 lgc-tablet-grid-50 lgc-mobile-grid-100 lgc-equal-heights \"><div  class=\"inside-grid-column\"><img decoding=\"async\" loading=\"lazy\" class=\"alignnone wp-image-9852\" src=\"https:\/\/ifd2-nqn.infd.edu.ar\/sitio\/wp-content\/uploads\/2026\/02\/comunicados-Historia-de-Instagram-563x1000.png\" alt=\"\" width=\"450\" height=\"800\" srcset=\"https:\/\/ifd2-nqn.infd.edu.ar\/sitio\/wp-content\/uploads\/2026\/02\/comunicados-Historia-de-Instagram-563x1000.png 563w, https:\/\/ifd2-nqn.infd.edu.ar\/sitio\/wp-content\/uploads\/2026\/02\/comunicados-Historia-de-Instagram-1069x1900.png 1069w, https:\/\/ifd2-nqn.infd.edu.ar\/sitio\/wp-content\/uploads\/2026\/02\/comunicados-Historia-de-Instagram-768x1365.png 768w, https:\/\/ifd2-nqn.infd.edu.ar\/sitio\/wp-content\/uploads\/2026\/02\/comunicados-Historia-de-Instagram-864x1536.png 864w, https:\/\/ifd2-nqn.infd.edu.ar\/sitio\/wp-content\/uploads\/2026\/02\/comunicados-Historia-de-Instagram.png 1080w\" sizes=\"(max-width: 450px) 100vw, 450px\" \/><\/div><\/div>\n<div  class=\"lgc-column lgc-grid-parent lgc-grid-50 lgc-tablet-grid-50 lgc-mobile-grid-100 lgc-equal-heights \"><div  class=\"inside-grid-column\">\n<p><img decoding=\"async\" loading=\"lazy\" class=\"\" draggable=\"false\" src=\"https:\/\/ifd2-nqn.infd.edu.ar\/sitio\/wp-content\/uploads\/2025\/04\/enlace.png\" alt=\"https:\/\/ifd2-nqn.infd.edu.ar\/sitio\/wp-content\/uploads\/2025\/04\/enlace.png\" width=\"33\" height=\"33\" data-testid=\"media-image\" data-vc=\"media-image\" data-media-vc-wrapper=\"true\" \/> Link inscripci\u00f3n:\u00a0<a href=\"https:\/\/forms.gle\/giFq4bQ3fP94BcSc9\" target=\"_blank\" rel=\"noopener\">https:\/\/forms.gle\/giFq4bQ3fP94BcSc9<\/a><\/p>\n<p><img decoding=\"async\" loading=\"lazy\" class=\"\" draggable=\"false\" src=\"https:\/\/ifd2-nqn.infd.edu.ar\/sitio\/wp-content\/uploads\/2025\/04\/enlace.png\" alt=\"https:\/\/ifd2-nqn.infd.edu.ar\/sitio\/wp-content\/uploads\/2025\/04\/enlace.png\" width=\"33\" height=\"33\" data-testid=\"media-image\" data-vc=\"media-image\" data-media-vc-wrapper=\"true\" \/> Nota solicitud equivalencias<\/p>\n<blockquote class=\"wp-embedded-content\" data-secret=\"RI4GSpZ2Yu\"><p><a href=\"https:\/\/ifd2-nqn.infd.edu.ar\/sitio\/formularios-para-estudiantes\/\">Formularios para Estudiantes<\/a><\/p><\/blockquote>\n<p><iframe class=\"wp-embedded-content\" sandbox=\"allow-scripts\" security=\"restricted\" style=\"position: absolute; clip: rect(1px, 1px, 1px, 1px);\" title=\"\u00abFormularios para Estudiantes\u00bb \u2014 INSTITUTO SUPERIOR DE FORMACI\u00d3N DOCENTE N\u00ba 2\" src=\"https:\/\/ifd2-nqn.infd.edu.ar\/sitio\/formularios-para-estudiantes\/embed\/#?secret=nY7Tn1QAmx#?secret=RI4GSpZ2Yu\" data-secret=\"RI4GSpZ2Yu\" width=\"600\" height=\"338\" frameborder=\"0\" marginwidth=\"0\" marginheight=\"0\" scrolling=\"no\"><\/iframe><\/p>\n<p><\/p><\/div><\/div>\n<p>&nbsp;<\/p>\n<hr \/>\n<div  class=\"lgc-column lgc-grid-parent lgc-grid-100 lgc-tablet-grid-100 lgc-mobile-grid-100 lgc-equal-heights \"><div  class=\"inside-grid-column\">\n<p>&nbsp;<\/p>\n<p><img decoding=\"async\" loading=\"lazy\" class=\"alignnone wp-image-9835\" src=\"https:\/\/ifd2-nqn.infd.edu.ar\/sitio\/wp-content\/uploads\/2026\/02\/IMG-20260213-WA0015-800x1000.jpg\" alt=\"\" width=\"450\" height=\"563\" srcset=\"https:\/\/ifd2-nqn.infd.edu.ar\/sitio\/wp-content\/uploads\/2026\/02\/IMG-20260213-WA0015-800x1000.jpg 800w, https:\/\/ifd2-nqn.infd.edu.ar\/sitio\/wp-content\/uploads\/2026\/02\/IMG-20260213-WA0015-768x960.jpg 768w, https:\/\/ifd2-nqn.infd.edu.ar\/sitio\/wp-content\/uploads\/2026\/02\/IMG-20260213-WA0015.jpg 1080w\" sizes=\"(max-width: 450px) 100vw, 450px\" \/><\/p>\n<p><\/p><\/div><\/div>\n<p>&nbsp;<\/p>\n<hr \/>\n<div  class=\"lgc-column lgc-grid-parent lgc-grid-50 lgc-tablet-grid-50 lgc-mobile-grid-100 lgc-equal-heights \"><div  class=\"inside-grid-column\"><img decoding=\"async\" loading=\"lazy\" class=\"alignnone size-full wp-image-9336\" src=\"https:\/\/ifd2-nqn.infd.edu.ar\/sitio\/wp-content\/uploads\/2025\/09\/radio-INSTITUCIONALES-1.png\" alt=\"\" width=\"500\" height=\"500\" \/><\/div><\/div><div  class=\"lgc-column lgc-grid-parent lgc-grid-50 lgc-tablet-grid-50 lgc-mobile-grid-100 lgc-equal-heights \"><div  class=\"inside-grid-column\"> El ISFD N\u00b02 al aire !<br \/><img decoding=\"async\" loading=\"lazy\" class=\"alignnone  wp-image-9011\" src=\"https:\/\/ifd2-nqn.infd.edu.ar\/sitio\/wp-content\/uploads\/2025\/06\/trabajar.png\" alt=\"\" width=\"21\" height=\"21\" srcset=\"https:\/\/ifd2-nqn.infd.edu.ar\/sitio\/wp-content\/uploads\/2025\/06\/trabajar.png 512w, https:\/\/ifd2-nqn.infd.edu.ar\/sitio\/wp-content\/uploads\/2025\/06\/trabajar-500x500.png 500w\" sizes=\"(max-width: 21px) 100vw, 21px\" \/> Por Radio Nacional, en \u00abTarde Modulada\u00bb<br \/><img decoding=\"async\" loading=\"lazy\" class=\"alignnone  wp-image-9011\" src=\"https:\/\/ifd2-nqn.infd.edu.ar\/sitio\/wp-content\/uploads\/2025\/06\/trabajar.png\" alt=\"\" width=\"21\" height=\"21\" srcset=\"https:\/\/ifd2-nqn.infd.edu.ar\/sitio\/wp-content\/uploads\/2025\/06\/trabajar.png 512w, https:\/\/ifd2-nqn.infd.edu.ar\/sitio\/wp-content\/uploads\/2025\/06\/trabajar-500x500.png 500w\" sizes=\"(max-width: 21px) 100vw, 21px\" \/> Con Azul M\u00e9ndez y N\u00e9stor G\u00f3mez.<br \/><img decoding=\"async\" loading=\"lazy\" class=\"alignnone  wp-image-8659\" src=\"https:\/\/ifd2-nqn.infd.edu.ar\/sitio\/wp-content\/uploads\/2025\/04\/calendario.png\" alt=\"\" width=\"31\" height=\"31\" srcset=\"https:\/\/ifd2-nqn.infd.edu.ar\/sitio\/wp-content\/uploads\/2025\/04\/calendario.png 512w, https:\/\/ifd2-nqn.infd.edu.ar\/sitio\/wp-content\/uploads\/2025\/04\/calendario-500x500.png 500w\" sizes=\"(max-width: 31px) 100vw, 31px\" \/> \u00a0Encontranos los Lunes a las 16 hs. <br \/><img decoding=\"async\" loading=\"lazy\" class=\"alignnone  wp-image-9339\" src=\"https:\/\/ifd2-nqn.infd.edu.ar\/sitio\/wp-content\/uploads\/2025\/09\/microfono-de-estudio.png\" alt=\"\" width=\"34\" height=\"34\" srcset=\"https:\/\/ifd2-nqn.infd.edu.ar\/sitio\/wp-content\/uploads\/2025\/09\/microfono-de-estudio.png 512w, https:\/\/ifd2-nqn.infd.edu.ar\/sitio\/wp-content\/uploads\/2025\/09\/microfono-de-estudio-500x500.png 500w\" sizes=\"(max-width: 34px) 100vw, 34px\" \/>\u00a0Por FM 92.3 , AM 670 o de forma online <a href=\"https:\/\/www.radionacional.com.ar\/reproductor\/reproductor_lra52_n2.php\" target=\"_blank\" rel=\"noopener\">https:\/\/www.radionacional.com.ar\/reproductor\/reproductor_lra52_n2.php<\/a>\n<p><\/p><\/div><\/div>\n<h2 style=\"text-align: center;\"><span style=\"color: #ffffff;\">#Novedades Estudiantes<\/span><\/h2>\n<p>&nbsp;<\/p>\n<p><img decoding=\"async\" loading=\"lazy\" class=\"alignnone  wp-image-9454\" src=\"https:\/\/ifd2-nqn.infd.edu.ar\/sitio\/wp-content\/uploads\/2025\/10\/info-estudiantes-800x1000.png\" alt=\"\" width=\"371\" height=\"464\" srcset=\"https:\/\/ifd2-nqn.infd.edu.ar\/sitio\/wp-content\/uploads\/2025\/10\/info-estudiantes-800x1000.png 800w, https:\/\/ifd2-nqn.infd.edu.ar\/sitio\/wp-content\/uploads\/2025\/10\/info-estudiantes-768x960.png 768w, https:\/\/ifd2-nqn.infd.edu.ar\/sitio\/wp-content\/uploads\/2025\/10\/info-estudiantes.png 1080w\" sizes=\"(max-width: 371px) 100vw, 371px\" \/><\/p>\n<h4><strong>&gt;&gt;&gt; <\/strong><a href=\"https:\/\/docs.google.com\/forms\/d\/e\/1FAIpQLScWIIRV7N_80BhZKKI2v9nSJsxEtS4XF3KY4e_TCMOyP2ONGg\/viewform?usp=dialog\" target=\"_blank\" rel=\"noopener\"><strong>LINK FORMULARIO<\/strong><\/a><\/h4>\n<p>&nbsp;<\/p>\n<h2 style=\"text-align: center;\"><span style=\"color: #ffffff;\">#Novedades Docentes\u00a0<\/span><\/h2>\n<div  class=\"lgc-column lgc-grid-parent lgc-grid-50 lgc-tablet-grid-50 lgc-mobile-grid-100 lgc-equal-heights \"><div  class=\"inside-grid-column\"><img decoding=\"async\" loading=\"lazy\" class=\"alignnone wp-image-9916\" src=\"https:\/\/ifd2-nqn.infd.edu.ar\/sitio\/wp-content\/uploads\/2026\/03\/Pedi-1-1-707x1000.png\" alt=\"\" width=\"450\" height=\"637\" srcset=\"https:\/\/ifd2-nqn.infd.edu.ar\/sitio\/wp-content\/uploads\/2026\/03\/Pedi-1-1-707x1000.png 707w, https:\/\/ifd2-nqn.infd.edu.ar\/sitio\/wp-content\/uploads\/2026\/03\/Pedi-1-1-1343x1900.png 1343w, https:\/\/ifd2-nqn.infd.edu.ar\/sitio\/wp-content\/uploads\/2026\/03\/Pedi-1-1-768x1086.png 768w, https:\/\/ifd2-nqn.infd.edu.ar\/sitio\/wp-content\/uploads\/2026\/03\/Pedi-1-1-1086x1536.png 1086w, https:\/\/ifd2-nqn.infd.edu.ar\/sitio\/wp-content\/uploads\/2026\/03\/Pedi-1-1-1448x2048.png 1448w, https:\/\/ifd2-nqn.infd.edu.ar\/sitio\/wp-content\/uploads\/2026\/03\/Pedi-1-1.png 1587w\" sizes=\"(max-width: 450px) 100vw, 450px\" \/><\/div><\/div>\n<div  class=\"lgc-column lgc-grid-parent lgc-grid-50 lgc-tablet-grid-50 lgc-mobile-grid-100 lgc-equal-heights \"><div  class=\"inside-grid-column\">\n<p>Profe! Para una mejor organizaci\u00f3n, optimizaci\u00f3n de tiempos, seguimiento de clases, comunicaci\u00f3n asertiva, resguardo de informaci\u00f3n .. Ped\u00ed tu aula virtual y potencia tus clases! Para m\u00e1s info. : <a href=\"https:\/\/ifd2-nqn.infd.edu.ar\/sitio\/equipo-de-tecnologia\/\" target=\"_blank\" rel=\"noopener\">https:\/\/ifd2-nqn.infd.edu.ar\/sitio\/equipo-de-tecnologia\/<\/a><\/p>\n<p><\/p><\/div><\/div>\n<p>&nbsp;<\/p>\n<hr \/>\n<div  class=\"lgc-column lgc-grid-parent lgc-grid-50 lgc-tablet-grid-50 lgc-mobile-grid-100 lgc-equal-heights \"><div  class=\"inside-grid-column\">\n<p>&nbsp;<\/p>\n<p><img decoding=\"async\" loading=\"lazy\" class=\"wp-image-9706 aligncenter\" src=\"https:\/\/ifd2-nqn.infd.edu.ar\/sitio\/wp-content\/uploads\/2025\/12\/WhatsApp-Image-2025-12-01-at-13.49.55-1000x1000.jpeg\" alt=\"\" width=\"400\" height=\"400\" srcset=\"https:\/\/ifd2-nqn.infd.edu.ar\/sitio\/wp-content\/uploads\/2025\/12\/WhatsApp-Image-2025-12-01-at-13.49.55-1000x1000.jpeg 1000w, https:\/\/ifd2-nqn.infd.edu.ar\/sitio\/wp-content\/uploads\/2025\/12\/WhatsApp-Image-2025-12-01-at-13.49.55-500x500.jpeg 500w, https:\/\/ifd2-nqn.infd.edu.ar\/sitio\/wp-content\/uploads\/2025\/12\/WhatsApp-Image-2025-12-01-at-13.49.55-768x768.jpeg 768w, https:\/\/ifd2-nqn.infd.edu.ar\/sitio\/wp-content\/uploads\/2025\/12\/WhatsApp-Image-2025-12-01-at-13.49.55.jpeg 1080w\" sizes=\"(max-width: 400px) 100vw, 400px\" \/><\/p>\n<div dir=\"auto\">\n<p style=\"text-align: center;\"><strong>Correo:<a href=\"mailto:licenciasisfdn2@gmail.com\" target=\"_blank\" rel=\"noopener\"> licenciasisfdn2@gmail.com<\/a><\/strong><\/p>\n<p><\/p><\/div><\/div><\/div>\n<\/div>\n<div class=\"lgc-column lgc-grid-parent lgc-grid-100 lgc-tablet-grid-100 lgc-mobile-grid-100 lgc-equal-heights lgc-first lgc-last\">\n<p>&nbsp;<\/p>\n<\/div>\n<div dir=\"auto\">\n<hr \/>\n<\/div>\n<div dir=\"auto\">\n<h4><strong><a href=\"https:\/\/ifd2-nqn.infd.edu.ar\/sitio\/archivos\/\" target=\"_blank\" rel=\"noopener\"><img decoding=\"async\" loading=\"lazy\" class=\"alignleft wp-image-4280\" src=\"https:\/\/ifd2-nqn.infd.edu.ar\/sitio\/wp-content\/uploads\/2022\/06\/2-1-1000x1000.png\" sizes=\"(max-width: 200px) 100vw, 200px\" srcset=\"https:\/\/ifd2-nqn.infd.edu.ar\/sitio\/wp-content\/uploads\/2022\/06\/2-1-1000x1000.png 1000w, https:\/\/ifd2-nqn.infd.edu.ar\/sitio\/wp-content\/uploads\/2022\/06\/2-1-500x500.png 500w, https:\/\/ifd2-nqn.infd.edu.ar\/sitio\/wp-content\/uploads\/2022\/06\/2-1-768x768.png 768w, https:\/\/ifd2-nqn.infd.edu.ar\/sitio\/wp-content\/uploads\/2022\/06\/2-1.png 1080w\" alt=\"\" width=\"300\" height=\"300\" \/><\/a><\/strong><\/h4>\n<h2>\u00a0<\/h2>\n<h2>\u00a0<\/h2>\n<h2><strong><img decoding=\"async\" loading=\"lazy\" class=\"\" src=\"https:\/\/static.vecteezy.com\/system\/resources\/thumbnails\/000\/553\/688\/small\/hand_007.jpg\" alt=\"Dedo \u00edndice Vectores, Iconos, Gr\u00e1ficos y Fondos para Descargar Gratis\" width=\"54\" height=\"54\" \/> Encontr\u00e1 Aqu\u00ed Formularios\u00a0<\/strong><\/h2>\n<\/div>\n<div dir=\"auto\">\u00a0<\/div>\n<div dir=\"auto\">\u00a0<\/div>\n","protected":false},"excerpt":{"rendered":"<p>Seguinos en nuestras redes\u00a0 \u00a0 \u00a0 \u00a0 \u00a0 \u00a0 \u00a0 \u00a0 \u00a0 \u00a0\u00a0 \u00a0\u00a0 \u00a0 COLOR Subir la documentaci\u00f3n pertinente en cada solapa.Recuerde que es con toma inmediataNO SE PODR\u00c1 TRAMITAR LICENCIA PARA HACER EFECTIVA LA POSESI\u00d3N DE DICHA HORAS.Se realiza el llamado v\u00eda telef\u00f3nicaSe les solicitar\u00e1 una planificaci\u00f3n explicando c\u00f3mo llevar\u00e1 a cabo el &#8230; <a title=\"Inicio\" class=\"read-more\" href=\"https:\/\/ifd2-nqn.infd.edu.ar\/sitio\/\" aria-label=\"More on Inicio\">[+]<\/a><\/p>\n","protected":false},"author":1,"featured_media":0,"parent":0,"menu_order":0,"comment_status":"closed","ping_status":"closed","template":"","meta":[],"acf":[],"_links":{"self":[{"href":"https:\/\/ifd2-nqn.infd.edu.ar\/sitio\/wp-json\/wp\/v2\/pages\/286"}],"collection":[{"href":"https:\/\/ifd2-nqn.infd.edu.ar\/sitio\/wp-json\/wp\/v2\/pages"}],"about":[{"href":"https:\/\/ifd2-nqn.infd.edu.ar\/sitio\/wp-json\/wp\/v2\/types\/page"}],"author":[{"embeddable":true,"href":"https:\/\/ifd2-nqn.infd.edu.ar\/sitio\/wp-json\/wp\/v2\/users\/1"}],"replies":[{"embeddable":true,"href":"https:\/\/ifd2-nqn.infd.edu.ar\/sitio\/wp-json\/wp\/v2\/comments?post=286"}],"version-history":[{"count":4582,"href":"https:\/\/ifd2-nqn.infd.edu.ar\/sitio\/wp-json\/wp\/v2\/pages\/286\/revisions"}],"predecessor-version":[{"id":9980,"href":"https:\/\/ifd2-nqn.infd.edu.ar\/sitio\/wp-json\/wp\/v2\/pages\/286\/revisions\/9980"}],"wp:attachment":[{"href":"https:\/\/ifd2-nqn.infd.edu.ar\/sitio\/wp-json\/wp\/v2\/media?parent=286"}],"curies":[{"name":"wp","href":"https:\/\/api.w.org\/{rel}","templated":true}]}}