{"id":2999,"date":"2021-05-19T09:29:35","date_gmt":"2021-05-19T12:29:35","guid":{"rendered":"https:\/\/ifd2-nqn.infd.edu.ar\/sitio\/?page_id=2999"},"modified":"2024-03-14T17:02:17","modified_gmt":"2024-03-14T20:02:17","slug":"profesorado-de-ingles","status":"publish","type":"page","link":"https:\/\/ifd2-nqn.infd.edu.ar\/sitio\/profesorado-de-ingles\/","title":{"rendered":"Profesorado de Ingl\u00e9s"},"content":{"rendered":"<p>Coordinadora: <strong>Prof. Sabrina Buchara<\/strong><br \/>Contacto: <strong>coordinacioninglesisfd2@gmail.com<\/strong> <br \/>Para m\u00e1s informaci\u00f3n de la carrera:<a href=\"https:\/\/www.instagram.com\/ingles_profesorado\"><strong> https:\/\/www.instagram.com\/ingles_profesorado<\/strong><\/a><\/p>\n<p><\/p>\n<figure class=\"wp-block-image aligncenter\"><img decoding=\"async\" loading=\"lazy\" class=\"alignleft\" src=\"https:\/\/ifd2-nqn.infd.edu.ar\/sitio\/wp-content\/uploads\/2022\/02\/WhatsApp-Image-2022-02-25-at-11.14.14-edited.jpeg\" alt=\"\" width=\"391\" height=\"293\" \/><\/figure>\n<p><\/p>\n<p>\u00a0<\/p>\n<p>\u00a0<\/p>\n<p>\u00a0<\/p>\n<p>\u00a0<\/p>\n<p>\u00a0<\/p>\n<p>\u00a0<\/p>\n<hr \/>\n<h3 style=\"text-align: center;\"><a href=\"https:\/\/ifd2-nqn.infd.edu.ar\/sitio\/wp-content\/uploads\/2021\/05\/DISE\u00d1O-INGL\u00c9S.pdf\">Click aqu\u00ed para descargar el Dise\u00f1o Curricular de Ingl\u00e9s<\/a><\/h3>\n\n\n<figure class=\"wp-block-image\"><img decoding=\"async\" src=\"https:\/\/ifd2-nqn.infd.edu.ar\/sitio\/wp-content\/uploads\/2022\/02\/WhatsApp-Image-2022-02-25-at-11.11.53.jpeg\" alt=\"\"\/><figcaption class=\"wp-element-caption\"><img decoding=\"async\" src=\"https:\/\/ifd2-nqn.infd.edu.ar\/sitio\/wp-content\/uploads\/2022\/02\/WhatsApp-Image-2022-02-25-at-11.15.00.jpeg\"><\/figcaption><\/figure>\n","protected":false},"excerpt":{"rendered":"<p>Coordinadora: Prof. Sabrina BucharaContacto: coordinacioninglesisfd2@gmail.com Para m\u00e1s informaci\u00f3n de la carrera: https:\/\/www.instagram.com\/ingles_profesorado \u00a0 \u00a0 \u00a0 \u00a0 \u00a0 \u00a0 Click aqu\u00ed para descargar el Dise\u00f1o Curricular de Ingl\u00e9s<\/p>\n","protected":false},"author":450,"featured_media":0,"parent":0,"menu_order":0,"comment_status":"closed","ping_status":"closed","template":"","meta":[],"acf":[],"_links":{"self":[{"href":"https:\/\/ifd2-nqn.infd.edu.ar\/sitio\/wp-json\/wp\/v2\/pages\/2999"}],"collection":[{"href":"https:\/\/ifd2-nqn.infd.edu.ar\/sitio\/wp-json\/wp\/v2\/pages"}],"about":[{"href":"https:\/\/ifd2-nqn.infd.edu.ar\/sitio\/wp-json\/wp\/v2\/types\/page"}],"author":[{"embeddable":true,"href":"https:\/\/ifd2-nqn.infd.edu.ar\/sitio\/wp-json\/wp\/v2\/users\/450"}],"replies":[{"embeddable":true,"href":"https:\/\/ifd2-nqn.infd.edu.ar\/sitio\/wp-json\/wp\/v2\/comments?post=2999"}],"version-history":[{"count":4,"href":"https:\/\/ifd2-nqn.infd.edu.ar\/sitio\/wp-json\/wp\/v2\/pages\/2999\/revisions"}],"predecessor-version":[{"id":7528,"href":"https:\/\/ifd2-nqn.infd.edu.ar\/sitio\/wp-json\/wp\/v2\/pages\/2999\/revisions\/7528"}],"wp:attachment":[{"href":"https:\/\/ifd2-nqn.infd.edu.ar\/sitio\/wp-json\/wp\/v2\/media?parent=2999"}],"curies":[{"name":"wp","href":"https:\/\/api.w.org\/{rel}","templated":true}]}}