{"id":3354,"date":"2022-02-21T20:59:20","date_gmt":"2022-02-21T23:59:20","guid":{"rendered":"https:\/\/ifd2-nqn.infd.edu.ar\/sitio\/?page_id=3354"},"modified":"2025-05-07T21:31:20","modified_gmt":"2025-05-08T00:31:20","slug":"formatos-de-entrega-2022","status":"publish","type":"page","link":"https:\/\/ifd2-nqn.infd.edu.ar\/sitio\/formatos-de-entrega-2022\/","title":{"rendered":"Formatos de entrega Proyectos de Investigaci\u00f3n"},"content":{"rendered":"<h3>Formato de proyecto inicial de investigaci\u00f3n:<\/h3>\n<p><a href=\"https:\/\/ifd2-nqn.infd.edu.ar\/sitio\/wp-content\/uploads\/2023\/03\/cronograma-de-investigacion.docx\">Cronograma de investigaci\u00f3n<\/a><\/p>\n<p><a href=\"https:\/\/ifd2-nqn.infd.edu.ar\/sitio\/wp-content\/uploads\/2022\/08\/CARATULA.docx\" target=\"_blank\" rel=\"noopener\">Caratula para los trabajos de investigaci\u00f3n<\/a><\/p>\n<p><a href=\"https:\/\/ifd2-nqn.infd.edu.ar\/sitio\/wp-content\/uploads\/2023\/03\/Formulario_Presentacion_Proyectos_investigacion.docx\">Formulario_Presentaci\u00f3n_Proyectos_investigaci\u00f3n<\/a><\/p>\n<h3>Formato de informe parcial de investigaci\u00f3n:<\/h3>\n<p><a href=\"https:\/\/ifd2-nqn.infd.edu.ar\/sitio\/wp-content\/uploads\/2023\/06\/Presentacion-Informe-parcial.docx\">Presentaci\u00f3n Informe parcial<\/a><\/p>\n<h3>Formato de informe final de investigaci\u00f3n:<\/h3>\n<p><a href=\"https:\/\/ifd2-nqn.infd.edu.ar\/sitio\/wp-content\/uploads\/2024\/05\/INFORME-FINAL-INVESTIGACIA\u0303_N-1.docx\" target=\"_blank\" rel=\"noopener\">INFORME-FINAL-INVESTIGACI\u00d3N<\/a><\/p>\n<h5>&nbsp;<\/h5>\n\n\n<p><\/p>\n","protected":false},"excerpt":{"rendered":"<p>Formato de proyecto inicial de investigaci\u00f3n: Cronograma de investigaci\u00f3n Caratula para los trabajos de investigaci\u00f3n Formulario_Presentaci\u00f3n_Proyectos_investigaci\u00f3n Formato de informe parcial de investigaci\u00f3n: Presentaci\u00f3n Informe parcial Formato de informe final de investigaci\u00f3n: INFORME-FINAL-INVESTIGACI\u00d3N &nbsp;<\/p>\n","protected":false},"author":57,"featured_media":0,"parent":0,"menu_order":0,"comment_status":"closed","ping_status":"closed","template":"","meta":[],"acf":[],"_links":{"self":[{"href":"https:\/\/ifd2-nqn.infd.edu.ar\/sitio\/wp-json\/wp\/v2\/pages\/3354"}],"collection":[{"href":"https:\/\/ifd2-nqn.infd.edu.ar\/sitio\/wp-json\/wp\/v2\/pages"}],"about":[{"href":"https:\/\/ifd2-nqn.infd.edu.ar\/sitio\/wp-json\/wp\/v2\/types\/page"}],"author":[{"embeddable":true,"href":"https:\/\/ifd2-nqn.infd.edu.ar\/sitio\/wp-json\/wp\/v2\/users\/57"}],"replies":[{"embeddable":true,"href":"https:\/\/ifd2-nqn.infd.edu.ar\/sitio\/wp-json\/wp\/v2\/comments?post=3354"}],"version-history":[{"count":30,"href":"https:\/\/ifd2-nqn.infd.edu.ar\/sitio\/wp-json\/wp\/v2\/pages\/3354\/revisions"}],"predecessor-version":[{"id":8722,"href":"https:\/\/ifd2-nqn.infd.edu.ar\/sitio\/wp-json\/wp\/v2\/pages\/3354\/revisions\/8722"}],"wp:attachment":[{"href":"https:\/\/ifd2-nqn.infd.edu.ar\/sitio\/wp-json\/wp\/v2\/media?parent=3354"}],"curies":[{"name":"wp","href":"https:\/\/api.w.org\/{rel}","templated":true}]}}