{"id":3360,"date":"2022-02-21T21:02:36","date_gmt":"2022-02-22T00:02:36","guid":{"rendered":"https:\/\/ifd2-nqn.infd.edu.ar\/sitio\/?page_id=3360"},"modified":"2025-02-21T16:35:45","modified_gmt":"2025-02-21T19:35:45","slug":"proyectos-2022","status":"publish","type":"page","link":"https:\/\/ifd2-nqn.infd.edu.ar\/sitio\/proyectos-2022\/","title":{"rendered":"Proyectos 2024"},"content":{"rendered":"\n<div class=\"wp-block-columns is-layout-flex wp-container-3\">\n<div class=\"wp-block-column is-layout-flow\" style=\"flex-basis:30%\">\n<figure class=\"wp-block-image\"><img decoding=\"async\" loading=\"lazy\" width=\"800\" height=\"1000\" src=\"https:\/\/ifd2-nqn.infd.edu.ar\/sitio\/wp-content\/uploads\/2024\/11\/6-800x1000.png\" alt=\"\" class=\"wp-image-8098\" srcset=\"https:\/\/ifd2-nqn.infd.edu.ar\/sitio\/wp-content\/uploads\/2024\/11\/6-800x1000.png 800w, https:\/\/ifd2-nqn.infd.edu.ar\/sitio\/wp-content\/uploads\/2024\/11\/6-768x960.png 768w, https:\/\/ifd2-nqn.infd.edu.ar\/sitio\/wp-content\/uploads\/2024\/11\/6.png 1080w\" sizes=\"(max-width: 800px) 100vw, 800px\" \/><\/figure>\n<\/div>\n\n\n\n<div class=\"wp-block-column is-layout-flow\" style=\"flex-basis:70%\">\n<p class=\"has-text-align-center has-large-font-size\"><\/p>\n\n\n\n<p>Descarg\u00e1 aqu\u00ed:<\/p>\n\n\n\n<p><a rel=\"noreferrer noopener\" href=\"https:\/\/drive.google.com\/file\/d\/1YkGgOTg-XIFLhCX88mzXe_rLfTuVcZfR\/view?usp=sharing\" target=\"_blank\">Proyectos de Investigaci\u00f3n 2024<\/a><\/p>\n<\/div>\n<\/div>\n\n\n\n<hr class=\"wp-block-separator has-css-opacity\"\/>\n\n\n\n<hr class=\"wp-block-separator has-css-opacity\"\/>\n\n\n\n<div class=\"wp-block-media-text alignwide is-stacked-on-mobile\" style=\"grid-template-columns:30% auto\"><figure class=\"wp-block-media-text__media\"><img decoding=\"async\" src=\"https:\/\/ifd2-nqn.infd.edu.ar\/sitio\/wp-content\/uploads\/2024\/10\/Ya-se-encuentra-en-nuestra-pagina-web-el-1%C2%B0-Boletpin-de-1-800x1000.png\" alt=\"\" class=\"wp-image-8083 size-full\"\/><\/figure><div class=\"wp-block-media-text__content\">\n<p>Descarg\u00e1 aqu\u00ed el bolet\u00edn:\u00a0<a rel=\"noreferrer noopener\" href=\"https:\/\/ifd2-nqn.infd.edu.ar\/sitio\/wp-content\/uploads\/2024\/10\/Boletin-de-Proyectos-de-Extension-2024.pdf\" target=\"_blank\">Bolet\u00edn de Proyectos de Extensi\u00f3n 2024<\/a><\/p>\n<\/div><\/div>\n\n\n\n<p><\/p>\n","protected":false},"excerpt":{"rendered":"<p>Descarg\u00e1 aqu\u00ed: Proyectos de Investigaci\u00f3n 2024 Descarg\u00e1 aqu\u00ed el bolet\u00edn:\u00a0Bolet\u00edn de Proyectos de Extensi\u00f3n 2024<\/p>\n","protected":false},"author":57,"featured_media":0,"parent":0,"menu_order":0,"comment_status":"closed","ping_status":"closed","template":"","meta":[],"acf":[],"_links":{"self":[{"href":"https:\/\/ifd2-nqn.infd.edu.ar\/sitio\/wp-json\/wp\/v2\/pages\/3360"}],"collection":[{"href":"https:\/\/ifd2-nqn.infd.edu.ar\/sitio\/wp-json\/wp\/v2\/pages"}],"about":[{"href":"https:\/\/ifd2-nqn.infd.edu.ar\/sitio\/wp-json\/wp\/v2\/types\/page"}],"author":[{"embeddable":true,"href":"https:\/\/ifd2-nqn.infd.edu.ar\/sitio\/wp-json\/wp\/v2\/users\/57"}],"replies":[{"embeddable":true,"href":"https:\/\/ifd2-nqn.infd.edu.ar\/sitio\/wp-json\/wp\/v2\/comments?post=3360"}],"version-history":[{"count":17,"href":"https:\/\/ifd2-nqn.infd.edu.ar\/sitio\/wp-json\/wp\/v2\/pages\/3360\/revisions"}],"predecessor-version":[{"id":8351,"href":"https:\/\/ifd2-nqn.infd.edu.ar\/sitio\/wp-json\/wp\/v2\/pages\/3360\/revisions\/8351"}],"wp:attachment":[{"href":"https:\/\/ifd2-nqn.infd.edu.ar\/sitio\/wp-json\/wp\/v2\/media?parent=3360"}],"curies":[{"name":"wp","href":"https:\/\/api.w.org\/{rel}","templated":true}]}}