{"id":3531,"date":"2022-03-11T15:59:08","date_gmt":"2022-03-11T18:59:08","guid":{"rendered":"https:\/\/ifd2-nqn.infd.edu.ar\/sitio\/?page_id=3531"},"modified":"2024-08-19T21:38:41","modified_gmt":"2024-08-20T00:38:41","slug":"conocenos-2","status":"publish","type":"page","link":"https:\/\/ifd2-nqn.infd.edu.ar\/sitio\/conocenos-2\/","title":{"rendered":"Documentos"},"content":{"rendered":"\n<p><\/p>\n\n\n\n<p><a href=\"https:\/\/ifd2-nqn.infd.edu.ar\/sitio\/wp-content\/uploads\/2022\/03\/r_2143_14-EDUC-SEC-FISICA_compressed-1.pdf\"><strong>Click aqu\u00ed para descargar el Dise\u00f1o Curricular Profesorado de F\u00edsica<\/strong><\/a><\/p>\n\n\n\n<p><\/p>\n\n\n\n<p>Correo:<a href=\"mailto:coordinacionpfisica@gmail.com\">&nbsp;coordinacionpfisica@gmail.com<\/a><\/p>\n\n\n\n<hr class=\"wp-block-separator has-css-opacity\"\/>\n\n\n\n<p class=\"has-text-align-center\"><\/p>\n\n\n\n<div class=\"wp-block-group is-layout-constrained\"><div class=\"wp-block-group__inner-container\"><div class=\"wp-block-image\">\n<figure class=\"aligncenter size-full is-resized\"><img decoding=\"async\" loading=\"lazy\" src=\"https:\/\/ifd2-nqn.infd.edu.ar\/sitio\/wp-content\/uploads\/2024\/08\/imagen1.jpeg\" alt=\"\" class=\"wp-image-7808\" width=\"839\" height=\"647\" srcset=\"https:\/\/ifd2-nqn.infd.edu.ar\/sitio\/wp-content\/uploads\/2024\/08\/imagen1.jpeg 1600w, https:\/\/ifd2-nqn.infd.edu.ar\/sitio\/wp-content\/uploads\/2024\/08\/imagen1-768x593.jpeg 768w, https:\/\/ifd2-nqn.infd.edu.ar\/sitio\/wp-content\/uploads\/2024\/08\/imagen1-1536x1187.jpeg 1536w\" sizes=\"(max-width: 839px) 100vw, 839px\" \/><\/figure><\/div>\n\n\n<div style=\"height:100px\" aria-hidden=\"true\" class=\"wp-block-spacer\"><\/div>\n\n\n<div class=\"wp-block-image\">\n<figure class=\"aligncenter size-full is-resized\"><img decoding=\"async\" loading=\"lazy\" src=\"https:\/\/ifd2-nqn.infd.edu.ar\/sitio\/wp-content\/uploads\/2024\/08\/imagen2.jpeg\" alt=\"\" class=\"wp-image-7809\" width=\"837\" height=\"645\"\/><\/figure><\/div><\/div><\/div>\n","protected":false},"excerpt":{"rendered":"<p>Click aqu\u00ed para descargar el Dise\u00f1o Curricular Profesorado de F\u00edsica Correo:&nbsp;coordinacionpfisica@gmail.com<\/p>\n","protected":false},"author":134,"featured_media":0,"parent":0,"menu_order":0,"comment_status":"closed","ping_status":"closed","template":"","meta":[],"acf":[],"_links":{"self":[{"href":"https:\/\/ifd2-nqn.infd.edu.ar\/sitio\/wp-json\/wp\/v2\/pages\/3531"}],"collection":[{"href":"https:\/\/ifd2-nqn.infd.edu.ar\/sitio\/wp-json\/wp\/v2\/pages"}],"about":[{"href":"https:\/\/ifd2-nqn.infd.edu.ar\/sitio\/wp-json\/wp\/v2\/types\/page"}],"author":[{"embeddable":true,"href":"https:\/\/ifd2-nqn.infd.edu.ar\/sitio\/wp-json\/wp\/v2\/users\/134"}],"replies":[{"embeddable":true,"href":"https:\/\/ifd2-nqn.infd.edu.ar\/sitio\/wp-json\/wp\/v2\/comments?post=3531"}],"version-history":[{"count":8,"href":"https:\/\/ifd2-nqn.infd.edu.ar\/sitio\/wp-json\/wp\/v2\/pages\/3531\/revisions"}],"predecessor-version":[{"id":7816,"href":"https:\/\/ifd2-nqn.infd.edu.ar\/sitio\/wp-json\/wp\/v2\/pages\/3531\/revisions\/7816"}],"wp:attachment":[{"href":"https:\/\/ifd2-nqn.infd.edu.ar\/sitio\/wp-json\/wp\/v2\/media?parent=3531"}],"curies":[{"name":"wp","href":"https:\/\/api.w.org\/{rel}","templated":true}]}}