{"id":3540,"date":"2022-03-11T16:05:29","date_gmt":"2022-03-11T19:05:29","guid":{"rendered":"https:\/\/ifd2-nqn.infd.edu.ar\/sitio\/?page_id=3540"},"modified":"2024-08-19T21:39:39","modified_gmt":"2024-08-20T00:39:39","slug":"horarios-y-lugar-de-cursada","status":"publish","type":"page","link":"https:\/\/ifd2-nqn.infd.edu.ar\/sitio\/horarios-y-lugar-de-cursada\/","title":{"rendered":"Horarios y Lugar de Cursada"},"content":{"rendered":"\n<p><\/p>\n\n\n<div class=\"wp-block-image\">\n<figure class=\"aligncenter is-resized\"><img decoding=\"async\" loading=\"lazy\" src=\"https:\/\/ifd2-nqn.infd.edu.ar\/sitio\/wp-content\/uploads\/2024\/08\/WhatsApp-Image-2024-08-09-at-09.05.22.jpeg\" alt=\"\" class=\"wp-image-7791\" width=\"311\" height=\"552\" srcset=\"https:\/\/ifd2-nqn.infd.edu.ar\/sitio\/wp-content\/uploads\/2024\/08\/WhatsApp-Image-2024-08-09-at-09.05.22.jpeg 900w, https:\/\/ifd2-nqn.infd.edu.ar\/sitio\/wp-content\/uploads\/2024\/08\/WhatsApp-Image-2024-08-09-at-09.05.22-563x1000.jpeg 563w, https:\/\/ifd2-nqn.infd.edu.ar\/sitio\/wp-content\/uploads\/2024\/08\/WhatsApp-Image-2024-08-09-at-09.05.22-768x1365.jpeg 768w, https:\/\/ifd2-nqn.infd.edu.ar\/sitio\/wp-content\/uploads\/2024\/08\/WhatsApp-Image-2024-08-09-at-09.05.22-864x1536.jpeg 864w\" sizes=\"(max-width: 311px) 100vw, 311px\" \/><\/figure><\/div>\n\n\n<p>Correo:<a href=\"mailto:coordinacionpfisica@gmail.com\">&nbsp;coordinacionpfisica@gmail.com<\/a><\/p>\n\n\n\n<hr class=\"wp-block-separator has-alpha-channel-opacity\"\/>\n\n\n\n<p><a href=\"https:\/\/ifd2-nqn.infd.edu.ar\/sitio\/wp-content\/uploads\/2022\/03\/r_2143_14-EDUC-SEC-FISICA_compressed-1.pdf\"><strong>Click aqu\u00ed para descargar el Dise\u00f1o Curricular Profesorado de F\u00edsica<\/strong><\/a><\/p>\n","protected":false},"excerpt":{"rendered":"<p>Correo:&nbsp;coordinacionpfisica@gmail.com Click aqu\u00ed para descargar el Dise\u00f1o Curricular Profesorado de F\u00edsica<\/p>\n","protected":false},"author":134,"featured_media":0,"parent":0,"menu_order":0,"comment_status":"closed","ping_status":"closed","template":"","meta":[],"acf":[],"_links":{"self":[{"href":"https:\/\/ifd2-nqn.infd.edu.ar\/sitio\/wp-json\/wp\/v2\/pages\/3540"}],"collection":[{"href":"https:\/\/ifd2-nqn.infd.edu.ar\/sitio\/wp-json\/wp\/v2\/pages"}],"about":[{"href":"https:\/\/ifd2-nqn.infd.edu.ar\/sitio\/wp-json\/wp\/v2\/types\/page"}],"author":[{"embeddable":true,"href":"https:\/\/ifd2-nqn.infd.edu.ar\/sitio\/wp-json\/wp\/v2\/users\/134"}],"replies":[{"embeddable":true,"href":"https:\/\/ifd2-nqn.infd.edu.ar\/sitio\/wp-json\/wp\/v2\/comments?post=3540"}],"version-history":[{"count":3,"href":"https:\/\/ifd2-nqn.infd.edu.ar\/sitio\/wp-json\/wp\/v2\/pages\/3540\/revisions"}],"predecessor-version":[{"id":7817,"href":"https:\/\/ifd2-nqn.infd.edu.ar\/sitio\/wp-json\/wp\/v2\/pages\/3540\/revisions\/7817"}],"wp:attachment":[{"href":"https:\/\/ifd2-nqn.infd.edu.ar\/sitio\/wp-json\/wp\/v2\/media?parent=3540"}],"curies":[{"name":"wp","href":"https:\/\/api.w.org\/{rel}","templated":true}]}}