{"id":3546,"date":"2022-03-11T16:05:57","date_gmt":"2022-03-11T19:05:57","guid":{"rendered":"https:\/\/ifd2-nqn.infd.edu.ar\/sitio\/?page_id=3546"},"modified":"2024-04-03T17:33:15","modified_gmt":"2024-04-03T20:33:15","slug":"horarios-y-lugar-de-cursada-3","status":"publish","type":"page","link":"https:\/\/ifd2-nqn.infd.edu.ar\/sitio\/horarios-y-lugar-de-cursada-3\/","title":{"rendered":"Horarios y Lugar de Cursada"},"content":{"rendered":"\n<p>Profesorado de Ingl\u00e9s cursa en la sede de Escuela 254 (Calle Lamadrid 651 &#8211; Entrada por calle Ceferino Namuncur\u00e1)<\/p>\n\n\n\n<p><strong>Horario:&nbsp;<\/strong>18:30 a 23:20\/23:45 hs.<\/p>\n\n\n\n<figure class=\"wp-block-image size-full\"><img decoding=\"async\" loading=\"lazy\" width=\"1231\" height=\"431\" src=\"https:\/\/ifd2-nqn.infd.edu.ar\/sitio\/wp-content\/uploads\/2024\/04\/WhatsApp-Image-2024-04-03-at-17.20.31-2.jpeg\" alt=\"\" class=\"wp-image-7534\" srcset=\"https:\/\/ifd2-nqn.infd.edu.ar\/sitio\/wp-content\/uploads\/2024\/04\/WhatsApp-Image-2024-04-03-at-17.20.31-2.jpeg 1231w, https:\/\/ifd2-nqn.infd.edu.ar\/sitio\/wp-content\/uploads\/2024\/04\/WhatsApp-Image-2024-04-03-at-17.20.31-2-1000x350.jpeg 1000w, https:\/\/ifd2-nqn.infd.edu.ar\/sitio\/wp-content\/uploads\/2024\/04\/WhatsApp-Image-2024-04-03-at-17.20.31-2-768x269.jpeg 768w\" sizes=\"(max-width: 1231px) 100vw, 1231px\" \/><figcaption class=\"wp-element-caption\">1\u00b0 A\u00f1o<\/figcaption><\/figure>\n\n\n\n<figure class=\"wp-block-image size-full\"><img decoding=\"async\" loading=\"lazy\" width=\"1087\" height=\"573\" src=\"https:\/\/ifd2-nqn.infd.edu.ar\/sitio\/wp-content\/uploads\/2024\/04\/WhatsApp-Image-2024-04-03-at-17.20.32-1.jpeg\" alt=\"\" class=\"wp-image-7537\" srcset=\"https:\/\/ifd2-nqn.infd.edu.ar\/sitio\/wp-content\/uploads\/2024\/04\/WhatsApp-Image-2024-04-03-at-17.20.32-1.jpeg 1087w, https:\/\/ifd2-nqn.infd.edu.ar\/sitio\/wp-content\/uploads\/2024\/04\/WhatsApp-Image-2024-04-03-at-17.20.32-1-1000x527.jpeg 1000w, https:\/\/ifd2-nqn.infd.edu.ar\/sitio\/wp-content\/uploads\/2024\/04\/WhatsApp-Image-2024-04-03-at-17.20.32-1-768x405.jpeg 768w\" sizes=\"(max-width: 1087px) 100vw, 1087px\" \/><figcaption class=\"wp-element-caption\">2\u00b0 A\u00f1o<\/figcaption><\/figure>\n\n\n\n<figure class=\"wp-block-image size-full\"><img decoding=\"async\" loading=\"lazy\" width=\"1235\" height=\"393\" src=\"https:\/\/ifd2-nqn.infd.edu.ar\/sitio\/wp-content\/uploads\/2024\/04\/WhatsApp-Image-2024-04-03-at-17.20.31-1.jpeg\" alt=\"\" class=\"wp-image-7539\" srcset=\"https:\/\/ifd2-nqn.infd.edu.ar\/sitio\/wp-content\/uploads\/2024\/04\/WhatsApp-Image-2024-04-03-at-17.20.31-1.jpeg 1235w, https:\/\/ifd2-nqn.infd.edu.ar\/sitio\/wp-content\/uploads\/2024\/04\/WhatsApp-Image-2024-04-03-at-17.20.31-1-1000x318.jpeg 1000w, https:\/\/ifd2-nqn.infd.edu.ar\/sitio\/wp-content\/uploads\/2024\/04\/WhatsApp-Image-2024-04-03-at-17.20.31-1-768x244.jpeg 768w\" sizes=\"(max-width: 1235px) 100vw, 1235px\" \/><figcaption class=\"wp-element-caption\">3\u00b0 A\u00f1o<\/figcaption><\/figure>\n\n\n\n<figure class=\"wp-block-image size-full\"><img decoding=\"async\" loading=\"lazy\" width=\"1147\" height=\"493\" src=\"https:\/\/ifd2-nqn.infd.edu.ar\/sitio\/wp-content\/uploads\/2024\/04\/WhatsApp-Image-2024-04-03-at-17.20.32.jpeg\" alt=\"\" class=\"wp-image-7542\" srcset=\"https:\/\/ifd2-nqn.infd.edu.ar\/sitio\/wp-content\/uploads\/2024\/04\/WhatsApp-Image-2024-04-03-at-17.20.32.jpeg 1147w, https:\/\/ifd2-nqn.infd.edu.ar\/sitio\/wp-content\/uploads\/2024\/04\/WhatsApp-Image-2024-04-03-at-17.20.32-1000x430.jpeg 1000w, https:\/\/ifd2-nqn.infd.edu.ar\/sitio\/wp-content\/uploads\/2024\/04\/WhatsApp-Image-2024-04-03-at-17.20.32-768x330.jpeg 768w\" sizes=\"(max-width: 1147px) 100vw, 1147px\" \/><\/figure>\n\n\n\n<p class=\"has-text-align-center\">4\u00b0 A\u00f1o<\/p>\n\n\n\n<hr class=\"wp-block-separator has-alpha-channel-opacity\"\/>\n\n\n\n<p><strong>Coordinadora:<\/strong> Prof. Sabrina Buchara.<\/p>\n\n\n\n<p><strong>Correo:<\/strong>&nbsp;<a href=\"mailto:coordinacioninglesisfd2@gmail.com\">coordinacioninglesisfd2@gmail.com<\/a><\/p>\n\n\n\n<p>Para m\u00e1s informaci\u00f3n de la carrera:  <a href=\"https:\/\/www.instagram.com\/ingles_profesorado\" target=\"_blank\" rel=\"noreferrer noopener\">https:\/\/www.instagram.com\/ingles_profesorado<\/a><\/p>\n\n\n\n<figure class=\"wp-block-image size-full is-resized\"><img decoding=\"async\" loading=\"lazy\" src=\"https:\/\/ifd2-nqn.infd.edu.ar\/sitio\/wp-content\/uploads\/2023\/03\/WhatsApp-Image-2023-03-13-at-16.36.00.jpeg\" alt=\"\" class=\"wp-image-5959\" width=\"300\" height=\"343\"\/><\/figure>\n","protected":false},"excerpt":{"rendered":"<p>Profesorado de Ingl\u00e9s cursa en la sede de Escuela 254 (Calle Lamadrid 651 &#8211; Entrada por calle Ceferino Namuncur\u00e1) Horario:&nbsp;18:30 a 23:20\/23:45 hs. 4\u00b0 A\u00f1o Coordinadora: Prof. Sabrina Buchara. Correo:&nbsp;coordinacioninglesisfd2@gmail.com Para m\u00e1s informaci\u00f3n de la carrera: https:\/\/www.instagram.com\/ingles_profesorado<\/p>\n","protected":false},"author":134,"featured_media":0,"parent":0,"menu_order":0,"comment_status":"closed","ping_status":"closed","template":"","meta":[],"acf":[],"_links":{"self":[{"href":"https:\/\/ifd2-nqn.infd.edu.ar\/sitio\/wp-json\/wp\/v2\/pages\/3546"}],"collection":[{"href":"https:\/\/ifd2-nqn.infd.edu.ar\/sitio\/wp-json\/wp\/v2\/pages"}],"about":[{"href":"https:\/\/ifd2-nqn.infd.edu.ar\/sitio\/wp-json\/wp\/v2\/types\/page"}],"author":[{"embeddable":true,"href":"https:\/\/ifd2-nqn.infd.edu.ar\/sitio\/wp-json\/wp\/v2\/users\/134"}],"replies":[{"embeddable":true,"href":"https:\/\/ifd2-nqn.infd.edu.ar\/sitio\/wp-json\/wp\/v2\/comments?post=3546"}],"version-history":[{"count":11,"href":"https:\/\/ifd2-nqn.infd.edu.ar\/sitio\/wp-json\/wp\/v2\/pages\/3546\/revisions"}],"predecessor-version":[{"id":7545,"href":"https:\/\/ifd2-nqn.infd.edu.ar\/sitio\/wp-json\/wp\/v2\/pages\/3546\/revisions\/7545"}],"wp:attachment":[{"href":"https:\/\/ifd2-nqn.infd.edu.ar\/sitio\/wp-json\/wp\/v2\/media?parent=3546"}],"curies":[{"name":"wp","href":"https:\/\/api.w.org\/{rel}","templated":true}]}}