{"id":5421,"date":"2022-11-14T17:48:06","date_gmt":"2022-11-14T20:48:06","guid":{"rendered":"https:\/\/ifd2-nqn.infd.edu.ar\/sitio\/?page_id=5421"},"modified":"2022-11-15T08:46:41","modified_gmt":"2022-11-15T11:46:41","slug":"equipo-directivo","status":"publish","type":"page","link":"https:\/\/ifd2-nqn.infd.edu.ar\/sitio\/equipo-directivo\/","title":{"rendered":"Equipo Directivo"},"content":{"rendered":"\n<p><strong>Directora<\/strong>: Campos, Yasmina<\/p>\n\n\n\n<p><strong>Vicedirector<\/strong>: Rosso, Leandro<\/p>\n\n\n\n<p><strong>Secretar\u00eda Acad\u00e9mica<\/strong>: Cabrera, Mar\u00eda In\u00e9s<\/p>\n\n\n\n<figure class=\"wp-block-image size-large\"><img decoding=\"async\" loading=\"lazy\" width=\"955\" height=\"377\" src=\"https:\/\/ifd2-nqn.infd.edu.ar\/sitio\/wp-content\/uploads\/2022\/11\/horario-equipo-directivo.png\" alt=\"\" class=\"wp-image-5431\" srcset=\"https:\/\/ifd2-nqn.infd.edu.ar\/sitio\/wp-content\/uploads\/2022\/11\/horario-equipo-directivo.png 955w, https:\/\/ifd2-nqn.infd.edu.ar\/sitio\/wp-content\/uploads\/2022\/11\/horario-equipo-directivo-768x303.png 768w\" sizes=\"(max-width: 955px) 100vw, 955px\" \/><\/figure>\n","protected":false},"excerpt":{"rendered":"<p>Directora: Campos, Yasmina Vicedirector: Rosso, Leandro Secretar\u00eda Acad\u00e9mica: Cabrera, Mar\u00eda In\u00e9s<\/p>\n","protected":false},"author":57,"featured_media":0,"parent":0,"menu_order":0,"comment_status":"closed","ping_status":"closed","template":"","meta":[],"acf":[],"_links":{"self":[{"href":"https:\/\/ifd2-nqn.infd.edu.ar\/sitio\/wp-json\/wp\/v2\/pages\/5421"}],"collection":[{"href":"https:\/\/ifd2-nqn.infd.edu.ar\/sitio\/wp-json\/wp\/v2\/pages"}],"about":[{"href":"https:\/\/ifd2-nqn.infd.edu.ar\/sitio\/wp-json\/wp\/v2\/types\/page"}],"author":[{"embeddable":true,"href":"https:\/\/ifd2-nqn.infd.edu.ar\/sitio\/wp-json\/wp\/v2\/users\/57"}],"replies":[{"embeddable":true,"href":"https:\/\/ifd2-nqn.infd.edu.ar\/sitio\/wp-json\/wp\/v2\/comments?post=5421"}],"version-history":[{"count":3,"href":"https:\/\/ifd2-nqn.infd.edu.ar\/sitio\/wp-json\/wp\/v2\/pages\/5421\/revisions"}],"predecessor-version":[{"id":5432,"href":"https:\/\/ifd2-nqn.infd.edu.ar\/sitio\/wp-json\/wp\/v2\/pages\/5421\/revisions\/5432"}],"wp:attachment":[{"href":"https:\/\/ifd2-nqn.infd.edu.ar\/sitio\/wp-json\/wp\/v2\/media?parent=5421"}],"curies":[{"name":"wp","href":"https:\/\/api.w.org\/{rel}","templated":true}]}}