{"id":5744,"date":"2023-02-22T19:04:09","date_gmt":"2023-02-22T22:04:09","guid":{"rendered":"https:\/\/ifd2-nqn.infd.edu.ar\/sitio\/?page_id=5744"},"modified":"2024-02-09T19:36:07","modified_gmt":"2024-02-09T22:36:07","slug":"diseno-curricular-plan-577","status":"publish","type":"page","link":"https:\/\/ifd2-nqn.infd.edu.ar\/sitio\/diseno-curricular-plan-577\/","title":{"rendered":"Documentos"},"content":{"rendered":"\n<p><strong>Material Curso de ingreso Prof. Matem\u00e1tica 2024:<\/strong><\/p>\n\n\n\n<div class=\"wp-block-file\"><object class=\"wp-block-file__embed\" data=\"https:\/\/ifd2-nqn.infd.edu.ar\/sitio\/wp-content\/uploads\/2024\/02\/Modulo-Matematica-Ingreso-2024.pdf\" type=\"application\/pdf\" style=\"width:100%;height:600px\" aria-label=\"Incrustado de Modulo-Matematica-Ingreso-2024.\"><\/object><a id=\"wp-block-file--media-3d186f1d-88ca-417b-8986-eaa5b2e06aff\" href=\"https:\/\/ifd2-nqn.infd.edu.ar\/sitio\/wp-content\/uploads\/2024\/02\/Modulo-Matematica-Ingreso-2024.pdf\">Modulo-Matematica-Ingreso-2024<\/a><a href=\"https:\/\/ifd2-nqn.infd.edu.ar\/sitio\/wp-content\/uploads\/2024\/02\/Modulo-Matematica-Ingreso-2024.pdf\" class=\"wp-block-file__button wp-element-button\" download aria-describedby=\"wp-block-file--media-3d186f1d-88ca-417b-8986-eaa5b2e06aff\">Descarga<\/a><\/div>\n\n\n\n<p><\/p>\n\n\n\n<h5 class=\"wp-block-heading has-text-align-left\"><a rel=\"noreferrer noopener\" href=\"https:\/\/ifd2-nqn.infd.edu.ar\/sitio\/profesorado-de-matematica\/upload\/Disen_o_Curricular_Matematica.pdf\" target=\"_blank\">Dise\u00f1o Curricular Plan 577<\/a><\/h5>\n\n\n\n<p><\/p>\n\n\n\n<p><strong>R\u00c9GIMEN DE CORRELATIVIDADES:<\/strong><\/p>\n\n\n\n<p><\/p>\n\n\n\n<div class=\"wp-block-file\"><object class=\"wp-block-file__embed\" data=\"https:\/\/ifd2-nqn.infd.edu.ar\/sitio\/wp-content\/uploads\/2023\/04\/Correlatividades-Plan-577-2014.pdf\" type=\"application\/pdf\" style=\"width:100%;height:600px\" aria-label=\"Incrustado de Correlatividades-Plan-577-2014.\"><\/object><a id=\"wp-block-file--media-2c235312-e368-4f3a-9f4d-6012cfb89790\" href=\"https:\/\/ifd2-nqn.infd.edu.ar\/sitio\/wp-content\/uploads\/2023\/04\/Correlatividades-Plan-577-2014.pdf\">Correlatividades-Plan-577-2014<\/a><a href=\"https:\/\/ifd2-nqn.infd.edu.ar\/sitio\/wp-content\/uploads\/2023\/04\/Correlatividades-Plan-577-2014.pdf\" class=\"wp-block-file__button wp-element-button\" download aria-describedby=\"wp-block-file--media-2c235312-e368-4f3a-9f4d-6012cfb89790\">Descarga<\/a><\/div>\n\n\n\n<h5 class=\"wp-block-heading has-text-align-left\"><br><a rel=\"noreferrer noopener\" href=\"https:\/\/ifd2-nqn.infd.edu.ar\/sitio\/wp-content\/uploads\/2023\/02\/r_1189_2022-Regimen-de-correlatividades-Profesorado-Educacion-Secundaria.pdf\" target=\"_blank\">Resoluci\u00f3n del Nuevo R\u00e9gimen de Correlatividades Profesorado Educaci\u00f3n Secundaria<\/a><\/h5>\n\n\n\n<div class=\"wp-block-file\"><object class=\"wp-block-file__embed\" data=\"https:\/\/ifd2-nqn.infd.edu.ar\/sitio\/wp-content\/uploads\/2023\/04\/Correlatividades-Plan-577-2022.pdf\" type=\"application\/pdf\" style=\"width:100%;height:600px\" aria-label=\"Incrustado de Correlatividades-Plan-577-2022.\"><\/object><a id=\"wp-block-file--media-9041d4d0-3c79-4860-8a98-23d6f113bab6\" href=\"https:\/\/ifd2-nqn.infd.edu.ar\/sitio\/wp-content\/uploads\/2023\/04\/Correlatividades-Plan-577-2022.pdf\">Correlatividades-Plan-577-2022<\/a><a href=\"https:\/\/ifd2-nqn.infd.edu.ar\/sitio\/wp-content\/uploads\/2023\/04\/Correlatividades-Plan-577-2022.pdf\" class=\"wp-block-file__button wp-element-button\" download aria-describedby=\"wp-block-file--media-9041d4d0-3c79-4860-8a98-23d6f113bab6\">Descarga<\/a><\/div>\n","protected":false},"excerpt":{"rendered":"<p>Material Curso de ingreso Prof. Matem\u00e1tica 2024: Dise\u00f1o Curricular Plan 577 R\u00c9GIMEN DE CORRELATIVIDADES: Resoluci\u00f3n del Nuevo R\u00e9gimen de Correlatividades Profesorado Educaci\u00f3n Secundaria<\/p>\n","protected":false},"author":57,"featured_media":0,"parent":0,"menu_order":0,"comment_status":"closed","ping_status":"closed","template":"","meta":[],"acf":[],"_links":{"self":[{"href":"https:\/\/ifd2-nqn.infd.edu.ar\/sitio\/wp-json\/wp\/v2\/pages\/5744"}],"collection":[{"href":"https:\/\/ifd2-nqn.infd.edu.ar\/sitio\/wp-json\/wp\/v2\/pages"}],"about":[{"href":"https:\/\/ifd2-nqn.infd.edu.ar\/sitio\/wp-json\/wp\/v2\/types\/page"}],"author":[{"embeddable":true,"href":"https:\/\/ifd2-nqn.infd.edu.ar\/sitio\/wp-json\/wp\/v2\/users\/57"}],"replies":[{"embeddable":true,"href":"https:\/\/ifd2-nqn.infd.edu.ar\/sitio\/wp-json\/wp\/v2\/comments?post=5744"}],"version-history":[{"count":9,"href":"https:\/\/ifd2-nqn.infd.edu.ar\/sitio\/wp-json\/wp\/v2\/pages\/5744\/revisions"}],"predecessor-version":[{"id":7335,"href":"https:\/\/ifd2-nqn.infd.edu.ar\/sitio\/wp-json\/wp\/v2\/pages\/5744\/revisions\/7335"}],"wp:attachment":[{"href":"https:\/\/ifd2-nqn.infd.edu.ar\/sitio\/wp-json\/wp\/v2\/media?parent=5744"}],"curies":[{"name":"wp","href":"https:\/\/api.w.org\/{rel}","templated":true}]}}