{"id":5902,"date":"2023-03-09T19:43:44","date_gmt":"2023-03-09T22:43:44","guid":{"rendered":"https:\/\/ifd2-nqn.infd.edu.ar\/sitio\/?page_id=5902"},"modified":"2023-07-05T23:01:14","modified_gmt":"2023-07-06T02:01:14","slug":"documentos","status":"publish","type":"page","link":"https:\/\/ifd2-nqn.infd.edu.ar\/sitio\/documentos\/","title":{"rendered":"Documentos"},"content":{"rendered":"\n<h5 class=\"wp-block-heading\"><strong><a href=\"https:\/\/ifd2-nqn.infd.edu.ar\/sitio\/profesorado-de-biologia\/upload\/BIOLOGIA.rar\" target=\"_blank\" rel=\"noreferrer noopener\">Click aqu\u00ed para descargar el Dise\u00f1o Curricular Plan de Estudio 526<\/a><\/strong><\/h5>\n\n\n\n<h5 class=\"wp-block-heading\">Descarga el Dise\u00f1o Curricular Plan 689 en los siguientes links:<\/h5>\n\n\n\n<h5 class=\"wp-block-heading\"><a href=\"https:\/\/ifd2-nqn.infd.edu.ar\/sitio\/wp-content\/uploads\/2022\/03\/r_0689_18-PARTE-I.pdf\">r_0689_18 PARTE I<\/a><\/h5>\n\n\n\n<h5 class=\"wp-block-heading\"><a href=\"https:\/\/ifd2-nqn.infd.edu.ar\/sitio\/wp-content\/uploads\/2022\/03\/r_0689_18-PARTE-II.pdf\">r_0689_18 PARTE II<\/a><\/h5>\n\n\n\n<h5 class=\"wp-block-heading\"><a href=\"https:\/\/ifd2-nqn.infd.edu.ar\/sitio\/wp-content\/uploads\/2022\/03\/r_0689_18-PARTE-III.pdf\">r_0689_18 PARTE III<\/a><\/h5>\n\n\n\n<p><a href=\"https:\/\/ifd2-nqn.infd.edu.ar\/sitio\/wp-content\/uploads\/2022\/03\/Correlatividades-689-Biologia.pdf\"><strong>Correlatividades-689-Biologia<\/strong><\/a><\/p>\n\n\n\n<p><a href=\"https:\/\/ifd2-nqn.infd.edu.ar\/sitio\/wp-content\/uploads\/2022\/03\/r_0624_18.pdf\"><strong>Click aqu\u00ed para descargar r_0624_18<\/strong><\/a><\/p>\n","protected":false},"excerpt":{"rendered":"<p>Click aqu\u00ed para descargar el Dise\u00f1o Curricular Plan de Estudio 526 Descarga el Dise\u00f1o Curricular Plan 689 en los siguientes links: r_0689_18 PARTE I r_0689_18 PARTE II r_0689_18 PARTE III Correlatividades-689-Biologia Click aqu\u00ed para descargar r_0624_18<\/p>\n","protected":false},"author":134,"featured_media":0,"parent":0,"menu_order":0,"comment_status":"closed","ping_status":"closed","template":"","meta":[],"acf":[],"_links":{"self":[{"href":"https:\/\/ifd2-nqn.infd.edu.ar\/sitio\/wp-json\/wp\/v2\/pages\/5902"}],"collection":[{"href":"https:\/\/ifd2-nqn.infd.edu.ar\/sitio\/wp-json\/wp\/v2\/pages"}],"about":[{"href":"https:\/\/ifd2-nqn.infd.edu.ar\/sitio\/wp-json\/wp\/v2\/types\/page"}],"author":[{"embeddable":true,"href":"https:\/\/ifd2-nqn.infd.edu.ar\/sitio\/wp-json\/wp\/v2\/users\/134"}],"replies":[{"embeddable":true,"href":"https:\/\/ifd2-nqn.infd.edu.ar\/sitio\/wp-json\/wp\/v2\/comments?post=5902"}],"version-history":[{"count":2,"href":"https:\/\/ifd2-nqn.infd.edu.ar\/sitio\/wp-json\/wp\/v2\/pages\/5902\/revisions"}],"predecessor-version":[{"id":6778,"href":"https:\/\/ifd2-nqn.infd.edu.ar\/sitio\/wp-json\/wp\/v2\/pages\/5902\/revisions\/6778"}],"wp:attachment":[{"href":"https:\/\/ifd2-nqn.infd.edu.ar\/sitio\/wp-json\/wp\/v2\/media?parent=5902"}],"curies":[{"name":"wp","href":"https:\/\/api.w.org\/{rel}","templated":true}]}}