{"id":802,"date":"2018-08-31T13:53:28","date_gmt":"2018-08-31T16:53:28","guid":{"rendered":"https:\/\/ifd2-nqn.infd.edu.ar\/sitio\/profesorado-para-la-ensenanza-primaria\/"},"modified":"2023-12-04T09:54:39","modified_gmt":"2023-12-04T12:54:39","slug":"profesorado-para-la-ensenanza-primaria","status":"publish","type":"page","link":"https:\/\/ifd2-nqn.infd.edu.ar\/sitio\/profesorado-para-la-ensenanza-primaria\/","title":{"rendered":"Profesorado para la Ense\u00f1anza Primaria"},"content":{"rendered":"\n<p class=\"has-text-align-center\"><\/p>\n\n\n<h3 style=\"margin: 0cm 0cm 0pt; text-align: center;\">&nbsp;<\/h3>\n<p><strong>CONTACTO:<\/strong><\/p>\n<p><strong><img decoding=\"async\" loading=\"lazy\" class=\"\" src=\"https:\/\/c.tenor.com\/Zi7IOW_EpPAAAAAC\/arrow-blue.gif\" alt=\"Arrow Blue GIF - Arrow Blue Turquoise - Descubre &amp; Comparte GIFs\" width=\"32\" height=\"18\">Coordinaci\u00f3n&nbsp;para la Ense\u00f1anza Primaria:<\/strong><\/p>\n<p>Correo:&nbsp;<a href=\"mailto:coordinacionpep21@gmail.com\">coordinacionpep21@gmail.com<\/a><\/p>\n<hr>\n<h5 style=\"text-align: center;\"><span style=\"color: #ff9900;\"><strong>Finalidad de la formaci\u00f3n docente<\/strong><\/span><\/h5>\n<p>La carrera de Formaci\u00f3n docente&nbsp;&nbsp;plantea como finalidad general una formaci\u00f3n pedag\u00f3gica integral que promueva en los aspirantes a la docencia la construcci\u00f3n de las herramientas intelectuales necesarias para fortalecer su identidad como profesionales y trabajadores de la educaci\u00f3n, y para ampliar la experiencia educativa de los alumnos, generando formas cada vez m\u00e1s abiertas y aut\u00f3nomas de relaci\u00f3n con el saber.<\/p>\n<p><\/p>\n<p>El logro de esta finalidad requiere:<\/p>\n<p>_&nbsp;Una visi\u00f3n de conjunto de toda la formaci\u00f3n, a la que cada parte aporta desde su especificidad; requiere de articulaciones e integraciones permanentes. Se busca que cada Ciclo formativo y, en su interior, cada instancia curricular se vean interpelados respecto de su papel en la finalidad formativa global y que se asuma que \u00e9sta depende, en parte, de las articulaciones que se logren establecer dentro de cada ciclo y entre ciclos. En este sentido, es esencial el trabajo en equipo que lleve a cabo el conjunto de los actores que deben asumir responsabilidades formativas.<\/p>\n<p>1-&nbsp;Una visi\u00f3n dial\u00e9ctica de la relaci\u00f3n teor\u00eda\/pr\u00e1ctica que lleva a considerar en la formaci\u00f3n docente la necesidad de acercar a los estudiantes desde el inicio a las pr\u00e1cticas docentes&nbsp;&nbsp;en un proceso de ida y vuelta, que, por un lado, permite ir construyendo los marcos de an\u00e1lisis para comprender y tensionar los supuestos subyacentes en esas pr\u00e1cticas y sus contextos, y tambi\u00e9n ir detectando la complejidad<\/p>\n<p>de la realidad cotidiana de las pr\u00e1cticas docentes y formulando interrogantes enriquecedores del proceso de apropiaci\u00f3n de los saberes de referencia.<\/p>\n<p>2- Las \u00abpr\u00e1cticas docentes\u00bb concebidas como un conjunto de procesos complejos y multidimensionales excede la definici\u00f3n cl\u00e1sica que las asimila exclusivamente a las \u00abpr\u00e1cticas de la ense\u00f1anza\u00bb y a la tarea de \u00abdar clase\u00bb.<\/p>\n<hr>\n<p>&nbsp;<img decoding=\"async\" loading=\"lazy\" class=\"alignnone size-medium wp-image-7027\" src=\"https:\/\/ifd2-nqn.infd.edu.ar\/sitio\/wp-content\/uploads\/2023\/09\/TRIPTICO-PEP-1000x647.png\" alt=\"\" width=\"1000\" height=\"647\" srcset=\"https:\/\/ifd2-nqn.infd.edu.ar\/sitio\/wp-content\/uploads\/2023\/09\/TRIPTICO-PEP-1000x647.png 1000w, https:\/\/ifd2-nqn.infd.edu.ar\/sitio\/wp-content\/uploads\/2023\/09\/TRIPTICO-PEP-1900x1229.png 1900w, https:\/\/ifd2-nqn.infd.edu.ar\/sitio\/wp-content\/uploads\/2023\/09\/TRIPTICO-PEP-768x497.png 768w, https:\/\/ifd2-nqn.infd.edu.ar\/sitio\/wp-content\/uploads\/2023\/09\/TRIPTICO-PEP-1536x994.png 1536w, https:\/\/ifd2-nqn.infd.edu.ar\/sitio\/wp-content\/uploads\/2023\/09\/TRIPTICO-PEP.png 2000w\" sizes=\"(max-width: 1000px) 100vw, 1000px\" \/><\/p>\n<p><img decoding=\"async\" loading=\"lazy\" class=\"alignnone size-medium wp-image-7025\" src=\"https:\/\/ifd2-nqn.infd.edu.ar\/sitio\/wp-content\/uploads\/2023\/09\/TRIPTICO-PEP-1-1000x647.png\" alt=\"\" width=\"1000\" height=\"647\" srcset=\"https:\/\/ifd2-nqn.infd.edu.ar\/sitio\/wp-content\/uploads\/2023\/09\/TRIPTICO-PEP-1-1000x647.png 1000w, https:\/\/ifd2-nqn.infd.edu.ar\/sitio\/wp-content\/uploads\/2023\/09\/TRIPTICO-PEP-1-1900x1229.png 1900w, https:\/\/ifd2-nqn.infd.edu.ar\/sitio\/wp-content\/uploads\/2023\/09\/TRIPTICO-PEP-1-768x497.png 768w, https:\/\/ifd2-nqn.infd.edu.ar\/sitio\/wp-content\/uploads\/2023\/09\/TRIPTICO-PEP-1-1536x994.png 1536w, https:\/\/ifd2-nqn.infd.edu.ar\/sitio\/wp-content\/uploads\/2023\/09\/TRIPTICO-PEP-1.png 2000w\" sizes=\"(max-width: 1000px) 100vw, 1000px\" \/><\/p>\n\n\n<div class=\"wp-block-columns is-layout-flex wp-container-2\">\n<div class=\"wp-block-column is-layout-flow\" style=\"flex-basis:100%\">\n<figure class=\"wp-block-embed is-type-video is-provider-youtube wp-block-embed-youtube wp-embed-aspect-16-9 wp-has-aspect-ratio\"><div class=\"wp-block-embed__wrapper\">\n<iframe loading=\"lazy\" title=\"Profesorado de Educaci\u00f3n Primaria 2018\" width=\"1200\" height=\"675\" src=\"https:\/\/www.youtube.com\/embed\/lC1ejTK9vSE?feature=oembed\" frameborder=\"0\" allow=\"accelerometer; autoplay; clipboard-write; encrypted-media; gyroscope; picture-in-picture; web-share\" allowfullscreen><\/iframe>\n<\/div><\/figure>\n<\/div>\n<\/div>\n\n\n\n<hr class=\"wp-block-separator has-alpha-channel-opacity\"\/>\n\n\n\n<p><strong><a rel=\"noreferrer noopener\" href=\"https:\/\/ifd2-nqn.infd.edu.ar\/sitio\/wp-admin\/upload\/Disen_o_Curricular_Profesorado_de_Educacion_Primaria.pdf\" target=\"_blank\">Click aqu\u00ed para descargar el DISE\u00d1O CURRICULAR<\/a><\/strong><\/p>\n","protected":false},"excerpt":{"rendered":"<p>&nbsp; CONTACTO: Coordinaci\u00f3n&nbsp;para la Ense\u00f1anza Primaria: Correo:&nbsp;coordinacionpep21@gmail.com Finalidad de la formaci\u00f3n docente La carrera de Formaci\u00f3n docente&nbsp;&nbsp;plantea como finalidad general una formaci\u00f3n pedag\u00f3gica integral que promueva en los aspirantes a la docencia la construcci\u00f3n de las herramientas intelectuales necesarias para fortalecer su identidad como profesionales y trabajadores de la educaci\u00f3n, y para ampliar la experiencia &#8230; <a title=\"Profesorado para la Ense\u00f1anza Primaria\" class=\"read-more\" href=\"https:\/\/ifd2-nqn.infd.edu.ar\/sitio\/profesorado-para-la-ensenanza-primaria\/\" aria-label=\"More on Profesorado para la Ense\u00f1anza Primaria\">[+]<\/a><\/p>\n","protected":false},"author":57,"featured_media":0,"parent":0,"menu_order":0,"comment_status":"closed","ping_status":"closed","template":"","meta":[],"acf":[],"_links":{"self":[{"href":"https:\/\/ifd2-nqn.infd.edu.ar\/sitio\/wp-json\/wp\/v2\/pages\/802"}],"collection":[{"href":"https:\/\/ifd2-nqn.infd.edu.ar\/sitio\/wp-json\/wp\/v2\/pages"}],"about":[{"href":"https:\/\/ifd2-nqn.infd.edu.ar\/sitio\/wp-json\/wp\/v2\/types\/page"}],"author":[{"embeddable":true,"href":"https:\/\/ifd2-nqn.infd.edu.ar\/sitio\/wp-json\/wp\/v2\/users\/57"}],"replies":[{"embeddable":true,"href":"https:\/\/ifd2-nqn.infd.edu.ar\/sitio\/wp-json\/wp\/v2\/comments?post=802"}],"version-history":[{"count":15,"href":"https:\/\/ifd2-nqn.infd.edu.ar\/sitio\/wp-json\/wp\/v2\/pages\/802\/revisions"}],"predecessor-version":[{"id":7296,"href":"https:\/\/ifd2-nqn.infd.edu.ar\/sitio\/wp-json\/wp\/v2\/pages\/802\/revisions\/7296"}],"wp:attachment":[{"href":"https:\/\/ifd2-nqn.infd.edu.ar\/sitio\/wp-json\/wp\/v2\/media?parent=802"}],"curies":[{"name":"wp","href":"https:\/\/api.w.org\/{rel}","templated":true}]}}