{"id":806,"date":"2018-08-31T13:53:29","date_gmt":"2018-08-31T16:53:29","guid":{"rendered":"https:\/\/ifd2-nqn.infd.edu.ar\/sitio\/profesorado-de-biologia\/"},"modified":"2025-09-03T11:48:55","modified_gmt":"2025-09-03T14:48:55","slug":"profesorado-de-biologia","status":"publish","type":"page","link":"https:\/\/ifd2-nqn.infd.edu.ar\/sitio\/profesorado-de-biologia\/","title":{"rendered":"Profesorado de Biolog\u00eda"},"content":{"rendered":"<p><span style=\"font-family: arial, helvetica, sans-serif; font-size: 10pt;\">El egresado del <\/span><span style=\"color: #000000;\">Profesorado de Biolog\u00eda<\/span><span style=\"font-family: arial, helvetica, sans-serif; font-size: 10pt;\"> se forma y adquiere recursos did\u00e1cticos para la ense\u00f1anza, con una s\u00f3lida y actualizada formaci\u00f3n cient\u00edfico-pedag\u00f3gica y con una visi\u00f3n integrada de las ciencias, que facilita el trabajo interdisciplinario. Nuestra carrera se plantea como finalidad general una formaci\u00f3n que promueva en nuestros futuros docentes, la construcci\u00f3n de herramientas intelectuales que permitan fortalecer su identidad como profesionales de la educaci\u00f3n al tiempo que genere en ellos formas abiertas y aut\u00f3nomas de afrontar el ejercicio profesional en un contexto social en permanente transformaci\u00f3n y de gran diversidad.<\/span><\/p>\n<figure class=\"wp-block-image size-large\"><img decoding=\"async\" loading=\"lazy\" class=\"wp-image-5332\" src=\"https:\/\/ifd2-nqn.infd.edu.ar\/sitio\/wp-content\/uploads\/2022\/10\/folleto-biologia-2022.jpg\" sizes=\"(max-width: 1754px) 100vw, 1754px\" srcset=\"https:\/\/ifd2-nqn.infd.edu.ar\/sitio\/wp-content\/uploads\/2022\/10\/folleto-biologia-2022.jpg 1754w, https:\/\/ifd2-nqn.infd.edu.ar\/sitio\/wp-content\/uploads\/2022\/10\/folleto-biologia-2022-1000x707.jpg 1000w, https:\/\/ifd2-nqn.infd.edu.ar\/sitio\/wp-content\/uploads\/2022\/10\/folleto-biologia-2022-768x543.jpg 768w, https:\/\/ifd2-nqn.infd.edu.ar\/sitio\/wp-content\/uploads\/2022\/10\/folleto-biologia-2022-1536x1086.jpg 1536w\" alt=\"\" width=\"1754\" height=\"1240\"><\/figure>\n<figure class=\"wp-block-image size-large\"><img decoding=\"async\" loading=\"lazy\" class=\"wp-image-5334\" src=\"https:\/\/ifd2-nqn.infd.edu.ar\/sitio\/wp-content\/uploads\/2022\/10\/folleto-biologia-2-2022.jpg\" sizes=\"(max-width: 1754px) 100vw, 1754px\" srcset=\"https:\/\/ifd2-nqn.infd.edu.ar\/sitio\/wp-content\/uploads\/2022\/10\/folleto-biologia-2-2022.jpg 1754w, https:\/\/ifd2-nqn.infd.edu.ar\/sitio\/wp-content\/uploads\/2022\/10\/folleto-biologia-2-2022-1000x707.jpg 1000w, https:\/\/ifd2-nqn.infd.edu.ar\/sitio\/wp-content\/uploads\/2022\/10\/folleto-biologia-2-2022-768x543.jpg 768w, https:\/\/ifd2-nqn.infd.edu.ar\/sitio\/wp-content\/uploads\/2022\/10\/folleto-biologia-2-2022-1536x1086.jpg 1536w\" alt=\"\" width=\"1754\" height=\"1240\"><\/figure>\n\n\n<figure class=\"wp-block-embed is-type-video is-provider-youtube wp-block-embed-youtube wp-embed-aspect-16-9 wp-has-aspect-ratio\"><div class=\"wp-block-embed__wrapper\">\n<iframe loading=\"lazy\" title=\"Viaje de estudio interdisciplinario Caviahue 2024\" width=\"1200\" height=\"675\" src=\"https:\/\/www.youtube.com\/embed\/FKROa_ukEK0?feature=oembed\" frameborder=\"0\" allow=\"accelerometer; autoplay; clipboard-write; encrypted-media; gyroscope; picture-in-picture; web-share\" referrerpolicy=\"strict-origin-when-cross-origin\" allowfullscreen><\/iframe>\n<\/div><\/figure>\n\n\n\n<figure class=\"wp-block-embed is-type-video is-provider-youtube wp-block-embed-youtube wp-embed-aspect-16-9 wp-has-aspect-ratio\"><div class=\"wp-block-embed__wrapper\">\n<iframe loading=\"lazy\" title=\"Profesorado de Biolog\u00eda - Expo 2022\" width=\"1200\" height=\"675\" src=\"https:\/\/www.youtube.com\/embed\/X3LsFKTITA0?feature=oembed\" frameborder=\"0\" allow=\"accelerometer; autoplay; clipboard-write; encrypted-media; gyroscope; picture-in-picture; web-share\" referrerpolicy=\"strict-origin-when-cross-origin\" allowfullscreen><\/iframe>\n<\/div><\/figure>\n\n\n<div class=\"wp-block-image\">\n<figure class=\"aligncenter size-large is-resized\"><img decoding=\"async\" loading=\"lazy\" src=\"https:\/\/ifd2-nqn.infd.edu.ar\/sitio\/wp-content\/uploads\/2025\/09\/Horarios-COORDINACION-2025-1343x1900.png\" alt=\"\" class=\"wp-image-9327\" width=\"660\" height=\"928\"\/><\/figure><\/div>\n\n\n<p><strong>CONTACTO:<\/strong><\/p>\n\n\n\n<p>Correo:&nbsp;<a href=\"mailto:coordinacion.biologia.chos@gmail.com\">coordinacion.biologia.chos@gmail.com<\/a><\/p>\n","protected":false},"excerpt":{"rendered":"<p>El egresado del Profesorado de Biolog\u00eda se forma y adquiere recursos did\u00e1cticos para la ense\u00f1anza, con una s\u00f3lida y actualizada formaci\u00f3n cient\u00edfico-pedag\u00f3gica y con una visi\u00f3n integrada de las ciencias, que facilita el trabajo interdisciplinario. Nuestra carrera se plantea como finalidad general una formaci\u00f3n que promueva en nuestros futuros docentes, la construcci\u00f3n de herramientas intelectuales &#8230; <a title=\"Profesorado de Biolog\u00eda\" class=\"read-more\" href=\"https:\/\/ifd2-nqn.infd.edu.ar\/sitio\/profesorado-de-biologia\/\" aria-label=\"More on Profesorado de Biolog\u00eda\">[+]<\/a><\/p>\n","protected":false},"author":57,"featured_media":0,"parent":0,"menu_order":0,"comment_status":"closed","ping_status":"closed","template":"","meta":[],"acf":[],"_links":{"self":[{"href":"https:\/\/ifd2-nqn.infd.edu.ar\/sitio\/wp-json\/wp\/v2\/pages\/806"}],"collection":[{"href":"https:\/\/ifd2-nqn.infd.edu.ar\/sitio\/wp-json\/wp\/v2\/pages"}],"about":[{"href":"https:\/\/ifd2-nqn.infd.edu.ar\/sitio\/wp-json\/wp\/v2\/types\/page"}],"author":[{"embeddable":true,"href":"https:\/\/ifd2-nqn.infd.edu.ar\/sitio\/wp-json\/wp\/v2\/users\/57"}],"replies":[{"embeddable":true,"href":"https:\/\/ifd2-nqn.infd.edu.ar\/sitio\/wp-json\/wp\/v2\/comments?post=806"}],"version-history":[{"count":15,"href":"https:\/\/ifd2-nqn.infd.edu.ar\/sitio\/wp-json\/wp\/v2\/pages\/806\/revisions"}],"predecessor-version":[{"id":9328,"href":"https:\/\/ifd2-nqn.infd.edu.ar\/sitio\/wp-json\/wp\/v2\/pages\/806\/revisions\/9328"}],"wp:attachment":[{"href":"https:\/\/ifd2-nqn.infd.edu.ar\/sitio\/wp-json\/wp\/v2\/media?parent=806"}],"curies":[{"name":"wp","href":"https:\/\/api.w.org\/{rel}","templated":true}]}}