{"id":808,"date":"2018-08-31T13:53:29","date_gmt":"2018-08-31T16:53:29","guid":{"rendered":"https:\/\/ifd2-nqn.infd.edu.ar\/sitio\/profesorado-de-educacion-fisica\/"},"modified":"2025-10-06T10:41:43","modified_gmt":"2025-10-06T13:41:43","slug":"profesorado-de-educacion-fisica","status":"publish","type":"page","link":"https:\/\/ifd2-nqn.infd.edu.ar\/sitio\/profesorado-de-educacion-fisica\/","title":{"rendered":"Profesorado de Educaci\u00f3n F\u00edsica"},"content":{"rendered":"<p><strong>CONTACTO:<\/strong><\/p>\n<p><strong><img decoding=\"async\" loading=\"lazy\" class=\"\" src=\"https:\/\/c.tenor.com\/Zi7IOW_EpPAAAAAC\/arrow-blue.gif\" alt=\"Arrow Blue GIF - Arrow Blue Turquoise - Descubre &amp; Comparte GIFs\" width=\"32\" height=\"18\" \/>Profesorado de Educaci\u00f3n F\u00edsica:<\/strong><\/p>\n<p>Correo:\u00a0<a href=\"mailto:coordinacionpef.chml@gmail.com\">coordinacionpef.chml@gmail.com<\/a><\/p>\n<hr \/>\n<p>El egresado del <strong><span style=\"color: #000000;\">Profesorado de Educaci\u00f3n F\u00edsica <\/span><\/strong>estar\u00e1 capacitado para ejercer la docencia en distintos niveles y modalidades del sistema educativo oficial-privado, formal y no formal en todo el territorio Argentino.<\/p>\n<p>Planificar, conducir, ejecutar procesos de ense\u00f1anza-aprendizaje en el \u00e1rea de la E.F., el deporte y la vida en la naturaleza.<\/p>\n<p>Desempe\u00f1arse como preparador f\u00edsico en el \u00e1mbito educativo y deportivo, en instituciones de gesti\u00f3n estatal, privadas e instituciones intermedias como por ejemplos: clubes, gimnasios, centros de educaci\u00f3n f\u00edsica, colegios privados y p\u00fablicos, etc.<\/p>\n<p>Realizar proyectos a trav\u00e9s del dominio integral de la metodolog\u00eda de la investigaci\u00f3n, la teor\u00eda de la Educaci\u00f3n y la did\u00e1ctica especial de la Educaci\u00f3n F\u00edsica y el deporte, para todos los niveles y modalidades del sistema educativo y del \u00e1rea socio-comunitaria.<\/p>\n<hr \/>\n<p><img decoding=\"async\" loading=\"lazy\" class=\"alignnone size-medium wp-image-9426\" src=\"https:\/\/ifd2-nqn.infd.edu.ar\/sitio\/wp-content\/uploads\/2025\/10\/WhatsApp-Image-2025-10-03-at-21.11.58-1000x706.jpeg\" alt=\"\" width=\"1000\" height=\"706\" srcset=\"https:\/\/ifd2-nqn.infd.edu.ar\/sitio\/wp-content\/uploads\/2025\/10\/WhatsApp-Image-2025-10-03-at-21.11.58-1000x706.jpeg 1000w, https:\/\/ifd2-nqn.infd.edu.ar\/sitio\/wp-content\/uploads\/2025\/10\/WhatsApp-Image-2025-10-03-at-21.11.58-768x542.jpeg 768w, https:\/\/ifd2-nqn.infd.edu.ar\/sitio\/wp-content\/uploads\/2025\/10\/WhatsApp-Image-2025-10-03-at-21.11.58.jpeg 1280w\" sizes=\"(max-width: 1000px) 100vw, 1000px\" \/> <img decoding=\"async\" loading=\"lazy\" class=\"alignnone size-medium wp-image-9427\" src=\"https:\/\/ifd2-nqn.infd.edu.ar\/sitio\/wp-content\/uploads\/2025\/10\/WhatsApp-Image-2025-10-03-at-21.11.57-1000x706.jpeg\" alt=\"\" width=\"1000\" height=\"706\" srcset=\"https:\/\/ifd2-nqn.infd.edu.ar\/sitio\/wp-content\/uploads\/2025\/10\/WhatsApp-Image-2025-10-03-at-21.11.57-1000x706.jpeg 1000w, https:\/\/ifd2-nqn.infd.edu.ar\/sitio\/wp-content\/uploads\/2025\/10\/WhatsApp-Image-2025-10-03-at-21.11.57-768x542.jpeg 768w, https:\/\/ifd2-nqn.infd.edu.ar\/sitio\/wp-content\/uploads\/2025\/10\/WhatsApp-Image-2025-10-03-at-21.11.57.jpeg 1280w\" sizes=\"(max-width: 1000px) 100vw, 1000px\" \/><\/p>\n\n\n<figure class=\"wp-block-embed is-type-video is-provider-youtube wp-block-embed-youtube wp-embed-aspect-16-9 wp-has-aspect-ratio\"><div class=\"wp-block-embed__wrapper\">\n<iframe loading=\"lazy\" title=\"PROFESORADO EDUCACI\u00d3N F\u00cdSICA\" width=\"1200\" height=\"675\" src=\"https:\/\/www.youtube.com\/embed\/6f4uxKNN77E?feature=oembed\" frameborder=\"0\" allow=\"accelerometer; autoplay; clipboard-write; encrypted-media; gyroscope; picture-in-picture; web-share\" referrerpolicy=\"strict-origin-when-cross-origin\" allowfullscreen><\/iframe>\n<\/div><\/figure>\n\n\n\n<hr class=\"wp-block-separator has-alpha-channel-opacity\"\/>\n\n\n\n<h4 class=\"wp-block-heading\"><strong><a href=\"https:\/\/drive.google.com\/open?id=1jwNe7hzZi0Fr016KUekbOvfc_yNarDEb\">Click aqu\u00ed para descargar el Dise\u00f1o Curricular Plan de Estudio 688 &#8211; Parte I<\/a><\/strong><\/h4>\n\n\n\n<h4 class=\"wp-block-heading\"><strong><a href=\"https:\/\/drive.google.com\/open?id=11ocrTz1pP3vWzcSuMTpPyCLl8-G2kSWt\">Click aqu\u00ed para descargar el Dise\u00f1o Curricular Plan de Estudio 688 &#8211; Parte II<\/a><\/strong><\/h4>\n\n\n\n<h4 class=\"wp-block-heading\"><a href=\"https:\/\/ifd2-nqn.infd.edu.ar\/sitio\/wp-content\/uploads\/2022\/03\/Correlativas-Plan-688.pdf\">Click aqu\u00ed para descargar Correlativas Plan 688<\/a><\/h4>\n","protected":false},"excerpt":{"rendered":"<p>CONTACTO: Profesorado de Educaci\u00f3n F\u00edsica: Correo:\u00a0coordinacionpef.chml@gmail.com El egresado del Profesorado de Educaci\u00f3n F\u00edsica estar\u00e1 capacitado para ejercer la docencia en distintos niveles y modalidades del sistema educativo oficial-privado, formal y no formal en todo el territorio Argentino. Planificar, conducir, ejecutar procesos de ense\u00f1anza-aprendizaje en el \u00e1rea de la E.F., el deporte y la vida en &#8230; <a title=\"Profesorado de Educaci\u00f3n F\u00edsica\" class=\"read-more\" href=\"https:\/\/ifd2-nqn.infd.edu.ar\/sitio\/profesorado-de-educacion-fisica\/\" aria-label=\"More on Profesorado de Educaci\u00f3n F\u00edsica\">[+]<\/a><\/p>\n","protected":false},"author":57,"featured_media":0,"parent":0,"menu_order":0,"comment_status":"closed","ping_status":"closed","template":"","meta":[],"acf":[],"_links":{"self":[{"href":"https:\/\/ifd2-nqn.infd.edu.ar\/sitio\/wp-json\/wp\/v2\/pages\/808"}],"collection":[{"href":"https:\/\/ifd2-nqn.infd.edu.ar\/sitio\/wp-json\/wp\/v2\/pages"}],"about":[{"href":"https:\/\/ifd2-nqn.infd.edu.ar\/sitio\/wp-json\/wp\/v2\/types\/page"}],"author":[{"embeddable":true,"href":"https:\/\/ifd2-nqn.infd.edu.ar\/sitio\/wp-json\/wp\/v2\/users\/57"}],"replies":[{"embeddable":true,"href":"https:\/\/ifd2-nqn.infd.edu.ar\/sitio\/wp-json\/wp\/v2\/comments?post=808"}],"version-history":[{"count":15,"href":"https:\/\/ifd2-nqn.infd.edu.ar\/sitio\/wp-json\/wp\/v2\/pages\/808\/revisions"}],"predecessor-version":[{"id":9428,"href":"https:\/\/ifd2-nqn.infd.edu.ar\/sitio\/wp-json\/wp\/v2\/pages\/808\/revisions\/9428"}],"wp:attachment":[{"href":"https:\/\/ifd2-nqn.infd.edu.ar\/sitio\/wp-json\/wp\/v2\/media?parent=808"}],"curies":[{"name":"wp","href":"https:\/\/api.w.org\/{rel}","templated":true}]}}