{"id":826,"date":"2018-08-31T13:53:35","date_gmt":"2018-08-31T16:53:35","guid":{"rendered":"https:\/\/ifd2-nqn.infd.edu.ar\/sitio\/cpi\/"},"modified":"2022-11-22T17:57:21","modified_gmt":"2022-11-22T20:57:21","slug":"cpi","status":"publish","type":"page","link":"https:\/\/ifd2-nqn.infd.edu.ar\/sitio\/cpi\/","title":{"rendered":"CPI"},"content":{"rendered":"<p><strong><span style=\"font-size: 18pt;\">\u00bfQu\u00e9 es el CPI?<\/span><\/strong><\/p>\n<p style=\"text-align: justify;\"><span style=\"font-size: 12pt;\">Es el \u00f3rgano colegiado cuatripartito responsable del desarrollo del proyecto institucional y de la orientaci\u00f3n, asesoramiento y seguimiento del mismo, promoviendo la participaci\u00f3n de los claustros que lo componen a trav\u00e9s de sus representantes. <\/span><\/p>\n<p style=\"text-align: justify;\"><span style=\"font-size: 12pt;\">Tienen, adem\u00e1s, la responsabilidad de ser veh\u00edculo para la<br \/>\ninformaci\u00f3n y consulta del colectivo al que representan. Ser\u00e1 presidido por el Director o Directora<\/span><\/p>\n<p><a href=\"https:\/\/ifd2-nqn.infd.edu.ar\/sitio\/wp-content\/uploads\/2022\/11\/Reglamento-Interno-para-CPI.pdf\">Reglamento-Interno-para-CPI &#8211; Descarga<\/a><\/p>\n","protected":false},"excerpt":{"rendered":"<p>\u00bfQu\u00e9 es el CPI? Es el \u00f3rgano colegiado cuatripartito responsable del desarrollo del proyecto institucional y de la orientaci\u00f3n, asesoramiento y seguimiento del mismo, promoviendo la participaci\u00f3n de los claustros que lo componen a trav\u00e9s de sus representantes. Tienen, adem\u00e1s, la responsabilidad de ser veh\u00edculo para la informaci\u00f3n y consulta del colectivo al que representan. &#8230; <a title=\"CPI\" class=\"read-more\" href=\"https:\/\/ifd2-nqn.infd.edu.ar\/sitio\/cpi\/\" aria-label=\"More on CPI\">[+]<\/a><\/p>\n","protected":false},"author":57,"featured_media":0,"parent":0,"menu_order":0,"comment_status":"closed","ping_status":"closed","template":"","meta":[],"acf":[],"_links":{"self":[{"href":"https:\/\/ifd2-nqn.infd.edu.ar\/sitio\/wp-json\/wp\/v2\/pages\/826"}],"collection":[{"href":"https:\/\/ifd2-nqn.infd.edu.ar\/sitio\/wp-json\/wp\/v2\/pages"}],"about":[{"href":"https:\/\/ifd2-nqn.infd.edu.ar\/sitio\/wp-json\/wp\/v2\/types\/page"}],"author":[{"embeddable":true,"href":"https:\/\/ifd2-nqn.infd.edu.ar\/sitio\/wp-json\/wp\/v2\/users\/57"}],"replies":[{"embeddable":true,"href":"https:\/\/ifd2-nqn.infd.edu.ar\/sitio\/wp-json\/wp\/v2\/comments?post=826"}],"version-history":[{"count":3,"href":"https:\/\/ifd2-nqn.infd.edu.ar\/sitio\/wp-json\/wp\/v2\/pages\/826\/revisions"}],"predecessor-version":[{"id":5502,"href":"https:\/\/ifd2-nqn.infd.edu.ar\/sitio\/wp-json\/wp\/v2\/pages\/826\/revisions\/5502"}],"wp:attachment":[{"href":"https:\/\/ifd2-nqn.infd.edu.ar\/sitio\/wp-json\/wp\/v2\/media?parent=826"}],"curies":[{"name":"wp","href":"https:\/\/api.w.org\/{rel}","templated":true}]}}