{"id":836,"date":"2018-08-31T13:53:38","date_gmt":"2018-08-31T16:53:38","guid":{"rendered":"https:\/\/ifd2-nqn.infd.edu.ar\/sitio\/departamento-de-aplicacion\/"},"modified":"2022-05-16T11:38:05","modified_gmt":"2022-05-16T14:38:05","slug":"departamento-de-aplicacion","status":"publish","type":"page","link":"https:\/\/ifd2-nqn.infd.edu.ar\/sitio\/departamento-de-aplicacion\/","title":{"rendered":"Departamento de Aplicaci\u00f3n"},"content":{"rendered":"<p><span style=\"font-size: 14pt; color: #3366ff;\"><strong>Nivel Primario<br \/>\n<\/strong><\/span><\/p>\n<p><span style=\"font-size: 14pt; color: #3366ff;\"><strong><img decoding=\"async\" loading=\"lazy\" title=\"\" src=\"https:\/\/ifd2-nqn.infd.edu.ar\/sitio\/wp-content\/uploads\/2018\/08\/20170612_112618.jpg\" alt=\"\" width=\"399\" height=\"225\" border=\"0\" \/><\/strong><\/span><\/p>\n<p><span style=\"font-size: 14pt; color: #3366ff;\"><strong>Docentes<\/strong><\/span><\/p>\n<p><span style=\"font-size: 12pt; color: #000000;\">Barchiesi, Celina<br \/>\n<\/span><\/p>\n<p><span style=\"font-size: 12pt; color: #000000;\">Mur\u00faa, Silvia<\/span><\/p>\n<p><span style=\"font-size: 12pt; color: #000000;\">Cabrera, Mar\u00eda Ines<\/span><\/p>\n<p><span style=\"font-size: 12pt; color: #000000;\">Valdebenito, Julia<\/span><\/p>\n<p><span style=\"font-size: 12pt; color: #000000;\">Liptak, Mariela<\/span><\/p>\n<p><span style=\"font-size: 12pt; color: #000000;\">Becerra, Mart\u00edn<\/span><\/p>\n<p><span style=\"font-size: 12pt; color: #000000;\">\u00c1vila, Patricia<\/span><\/p>\n<p><span style=\"font-size: 12pt; color: #000000;\">Albornoz, Rosa<\/span><\/p>\n<p><span style=\"font-size: 12pt; color: #000000;\">Mu\u00f1oz, Yolanda<\/span><\/p>\n<p><span style=\"font-size: 12pt; color: #000000;\">Villagra, Cecilia<\/span><\/p>\n<p><span style=\"font-size: 12pt; color: #000000;\">Mosqueira, Yaneth<\/span><\/p>\n","protected":false},"excerpt":{"rendered":"<p>Nivel Primario Docentes Barchiesi, Celina Mur\u00faa, Silvia Cabrera, Mar\u00eda Ines Valdebenito, Julia Liptak, Mariela Becerra, Mart\u00edn \u00c1vila, Patricia Albornoz, Rosa Mu\u00f1oz, Yolanda Villagra, Cecilia Mosqueira, Yaneth<\/p>\n","protected":false},"author":57,"featured_media":0,"parent":0,"menu_order":0,"comment_status":"closed","ping_status":"closed","template":"","meta":[],"acf":[],"_links":{"self":[{"href":"https:\/\/ifd2-nqn.infd.edu.ar\/sitio\/wp-json\/wp\/v2\/pages\/836"}],"collection":[{"href":"https:\/\/ifd2-nqn.infd.edu.ar\/sitio\/wp-json\/wp\/v2\/pages"}],"about":[{"href":"https:\/\/ifd2-nqn.infd.edu.ar\/sitio\/wp-json\/wp\/v2\/types\/page"}],"author":[{"embeddable":true,"href":"https:\/\/ifd2-nqn.infd.edu.ar\/sitio\/wp-json\/wp\/v2\/users\/57"}],"replies":[{"embeddable":true,"href":"https:\/\/ifd2-nqn.infd.edu.ar\/sitio\/wp-json\/wp\/v2\/comments?post=836"}],"version-history":[{"count":1,"href":"https:\/\/ifd2-nqn.infd.edu.ar\/sitio\/wp-json\/wp\/v2\/pages\/836\/revisions"}],"predecessor-version":[{"id":4027,"href":"https:\/\/ifd2-nqn.infd.edu.ar\/sitio\/wp-json\/wp\/v2\/pages\/836\/revisions\/4027"}],"wp:attachment":[{"href":"https:\/\/ifd2-nqn.infd.edu.ar\/sitio\/wp-json\/wp\/v2\/media?parent=836"}],"curies":[{"name":"wp","href":"https:\/\/api.w.org\/{rel}","templated":true}]}}