{"id":841,"date":"2018-08-31T13:53:40","date_gmt":"2018-08-31T16:53:40","guid":{"rendered":"https:\/\/ifd2-nqn.infd.edu.ar\/sitio\/datos-institucionales\/"},"modified":"2025-09-26T19:31:20","modified_gmt":"2025-09-26T22:31:20","slug":"datos-institucionales","status":"publish","type":"page","link":"https:\/\/ifd2-nqn.infd.edu.ar\/sitio\/datos-institucionales\/","title":{"rendered":"Datos institucionales"},"content":{"rendered":"<h3 style=\"text-align: center;\"><strong><span style=\"font-family: verdana;\">Instituto de Formaci\u00f3n Docente N\u00b02<\/span><\/strong><\/h3>\n<hr style=\"height: 5px; width: 250px;\" size=\"5\" width=\"250\" \/>\n<p style=\"text-align: center;\"><img decoding=\"async\" loading=\"lazy\" class=\"aligncenter wp-image-2443 \" src=\"https:\/\/ifd2-nqn.infd.edu.ar\/sitio\/wp-content\/uploads\/2019\/12\/https___www.youtube.com_channel_UCmA8HRjeoXULznAbm9l35gw-1900x1520.png\" alt=\"\" width=\"773\" height=\"618\" srcset=\"https:\/\/ifd2-nqn.infd.edu.ar\/sitio\/wp-content\/uploads\/2019\/12\/https___www.youtube.com_channel_UCmA8HRjeoXULznAbm9l35gw-1900x1520.png 1900w, https:\/\/ifd2-nqn.infd.edu.ar\/sitio\/wp-content\/uploads\/2019\/12\/https___www.youtube.com_channel_UCmA8HRjeoXULznAbm9l35gw-1000x800.png 1000w, https:\/\/ifd2-nqn.infd.edu.ar\/sitio\/wp-content\/uploads\/2019\/12\/https___www.youtube.com_channel_UCmA8HRjeoXULznAbm9l35gw-768x614.png 768w, https:\/\/ifd2-nqn.infd.edu.ar\/sitio\/wp-content\/uploads\/2019\/12\/https___www.youtube.com_channel_UCmA8HRjeoXULznAbm9l35gw.png 2000w\" sizes=\"(max-width: 773px) 100vw, 773px\" \/><\/p>\n<p><img decoding=\"async\" loading=\"lazy\" class=\" wp-image-2437 aligncenter\" src=\"https:\/\/ifd2-nqn.infd.edu.ar\/sitio\/wp-content\/uploads\/2019\/12\/Captura.png\" alt=\"\" width=\"724\" height=\"342\" srcset=\"https:\/\/ifd2-nqn.infd.edu.ar\/sitio\/wp-content\/uploads\/2019\/12\/Captura.png 909w, https:\/\/ifd2-nqn.infd.edu.ar\/sitio\/wp-content\/uploads\/2019\/12\/Captura-768x362.png 768w\" sizes=\"(max-width: 724px) 100vw, 724px\" \/><\/p>\n<p>\u00a0<\/p>\n<h6><span style=\"font-family: verdana; font-size: 10pt;\"><span style=\"text-decoration: underline;\">Horarios de atenci\u00f3n<\/span>: de 08:00 a 23:30 hs\u00a0<\/span><\/h6>\n<p><strong><span style=\"font-family: verdana; font-size: 10pt;\"><span style=\"text-decoration: underline;\">Direcci\u00f3n<\/span>: San Mart\u00edn y Tucum\u00e1n (Sede central)<\/span><\/strong><\/p>\n<p><strong><span style=\"font-family: verdana; font-size: 10pt;\"><span style=\"font-family: verdana; font-size: 10pt;\"><span style=\"font-family: verdana; font-size: 10pt;\"><span style=\"text-decoration: underline;\">E-mail ISFD N\u00b02<\/span>:<\/span><\/span><\/span><\/strong><a href=\"ifd02chosmalal@neuquen.edu.ar\" target=\"_blank\" rel=\"noopener\"><b>ifd02chosmalal@neuquen.edu.ar<\/b><\/a><\/p>\n<p><strong><span style=\"font-family: verdana; font-size: 10pt;\"><span style=\"text-decoration: underline;\">Encontr\u00e1 el e-mail de todas las \u00e1<\/span><\/span><span style=\"font-family: verdana; font-size: 10pt;\"><span style=\"text-decoration: underline;\">reas del ISFD N\u00b02 en:<\/span><\/span><span style=\"color: #ff9900;\">\u00a0\u00a0<\/span><a href=\"https:\/\/ifd2-nqn.infd.edu.ar\/sitio\/contacto-2\/\" target=\"_blank\" rel=\"noopener\">https:\/\/ifd2-nqn.infd.edu.ar\/sitio\/contacto-2\/<\/a><\/strong><\/p>\n<hr \/>\n<h5><span style=\"color: #ff9900;\">Seguinos en Nuestras Redes\u00a0 \u00a0 <img decoding=\"async\" loading=\"lazy\" class=\"\" src=\"https:\/\/c.tenor.com\/Zi7IOW_EpPAAAAAC\/arrow-blue.gif\" alt=\"Arrow Blue GIF - Arrow Blue Turquoise - Descubre &amp; Comparte GIFs\" width=\"46\" height=\"27\" \/><\/span>\u00a0 \u00a0 <span style=\"font-family: verdana; font-size: 10pt;\"><span style=\"font-family: verdana; font-size: 10pt;\"><span style=\"font-family: verdana; font-size: 10pt;\"><span style=\"font-family: verdana; font-size: 10pt;\"><a href=\"https:\/\/ifd2-nqn.infd.edu.ar\/sitio\/\"><span style=\"text-decoration: underline;\"><img decoding=\"async\" loading=\"lazy\" class=\"\" src=\"https:\/\/ifd2-nqn.infd.edu.ar\/sitio\/wp-content\/uploads\/2019\/12\/logo-transparencia-1600x1200-1.png\" alt=\"INSTITUTO SUPERIOR DE FORMACI\u00d3N DOCENTE N\u00ba 2\" width=\"58\" height=\"53\" \/><\/span><\/a> \u00a0<\/span><\/span><\/span><\/span><a href=\"https:\/\/www.facebook.com\/ISFD2\/\"><img decoding=\"async\" loading=\"lazy\" class=\"alignnone\" src=\"https:\/\/ifd2-nqn.infd.edu.ar\/sitio\/wp-content\/uploads\/2019\/12\/facebook_social_fb_7213.png\" width=\"45\" height=\"45\" \/><\/a> \u00a0<a href=\"https:\/\/www.instagram.com\/isfd2\/?utm_medium=copy_link\"><img decoding=\"async\" loading=\"lazy\" class=\"\" src=\"https:\/\/ifd2-nqn.infd.edu.ar\/sitio\/wp-content\/uploads\/2022\/02\/1025px-Instagram-Icon-1000x1000.png\" width=\"48\" height=\"48\" \/><\/a> \u00a0<a href=\"https:\/\/www.youtube.com\/channel\/UCmA8HRjeoXULznAbm9l35gw?view_as=subscriber\"><img decoding=\"async\" loading=\"lazy\" class=\"\" src=\"https:\/\/ifd2-nqn.infd.edu.ar\/sitio\/wp-content\/uploads\/2019\/12\/kisspng-youtube-computer-icons-logo-clip-art-5b3871d0eaddb7.296285981530425808962-1.jpg\" width=\"51\" height=\"36\" \/><\/a> \u00a0 \u00a0<\/h5>\n\n\n<p><\/p>\n","protected":false},"excerpt":{"rendered":"<p>Instituto de Formaci\u00f3n Docente N\u00b02 \u00a0 Horarios de atenci\u00f3n: de 08:00 a 23:30 hs\u00a0 Direcci\u00f3n: San Mart\u00edn y Tucum\u00e1n (Sede central) E-mail ISFD N\u00b02:ifd02chosmalal@neuquen.edu.ar Encontr\u00e1 el e-mail de todas las \u00e1reas del ISFD N\u00b02 en:\u00a0\u00a0https:\/\/ifd2-nqn.infd.edu.ar\/sitio\/contacto-2\/ Seguinos en Nuestras Redes\u00a0 \u00a0 \u00a0 \u00a0 \u00a0 \u00a0 \u00a0 \u00a0 \u00a0<\/p>\n","protected":false},"author":57,"featured_media":0,"parent":0,"menu_order":0,"comment_status":"closed","ping_status":"closed","template":"","meta":[],"acf":[],"_links":{"self":[{"href":"https:\/\/ifd2-nqn.infd.edu.ar\/sitio\/wp-json\/wp\/v2\/pages\/841"}],"collection":[{"href":"https:\/\/ifd2-nqn.infd.edu.ar\/sitio\/wp-json\/wp\/v2\/pages"}],"about":[{"href":"https:\/\/ifd2-nqn.infd.edu.ar\/sitio\/wp-json\/wp\/v2\/types\/page"}],"author":[{"embeddable":true,"href":"https:\/\/ifd2-nqn.infd.edu.ar\/sitio\/wp-json\/wp\/v2\/users\/57"}],"replies":[{"embeddable":true,"href":"https:\/\/ifd2-nqn.infd.edu.ar\/sitio\/wp-json\/wp\/v2\/comments?post=841"}],"version-history":[{"count":18,"href":"https:\/\/ifd2-nqn.infd.edu.ar\/sitio\/wp-json\/wp\/v2\/pages\/841\/revisions"}],"predecessor-version":[{"id":9388,"href":"https:\/\/ifd2-nqn.infd.edu.ar\/sitio\/wp-json\/wp\/v2\/pages\/841\/revisions\/9388"}],"wp:attachment":[{"href":"https:\/\/ifd2-nqn.infd.edu.ar\/sitio\/wp-json\/wp\/v2\/media?parent=841"}],"curies":[{"name":"wp","href":"https:\/\/api.w.org\/{rel}","templated":true}]}}