{"id":844,"date":"2018-08-31T13:53:42","date_gmt":"2018-08-31T16:53:42","guid":{"rendered":"https:\/\/ifd2-nqn.infd.edu.ar\/sitio\/autoridades\/"},"modified":"2024-08-22T15:20:12","modified_gmt":"2024-08-22T18:20:12","slug":"autoridades","status":"publish","type":"page","link":"https:\/\/ifd2-nqn.infd.edu.ar\/sitio\/autoridades\/","title":{"rendered":"Autoridades"},"content":{"rendered":"<p><span style=\"font-family: arial, helvetica, sans-serif; font-size: 12pt; color: #0000ff;\"><span style=\"color: #993300;\"><strong>Director\/a<\/strong>: Campos, Yasmina<\/span><br \/>\n<\/span><\/p>\n<p><span style=\"font-family: arial, helvetica, sans-serif; font-size: 12pt; color: #0000ff;\"><span style=\"color: #993300;\"><strong>Vicedirect<span style=\"color: #993300;\">or\/a<\/span><\/strong>: Rosso, Leandro<\/span><\/span><\/p>\n<p><span style=\"font-family: arial, helvetica, sans-serif; font-size: 12pt; color: #0000ff;\"><span style=\"color: #993300;\"><strong>Secretar\u00eda Acad\u00e9mica<\/strong>: Cabrera, Mar\u00eda In\u00e9s<\/span><br \/>\n<\/span><\/p>\n<p><span style=\"font-family: arial, helvetica, sans-serif; font-size: 12pt; color: #993300;\"><strong>Regente Departamento Aplicaci\u00f3n<\/strong>: Gonz\u00e1lez, H\u00e9ctor C.<\/span><\/p>\n<p><span style=\"font-family: arial, helvetica, sans-serif; font-size: 12pt; color: #993300;\"><strong>Sub Regente<\/strong> <span style=\"font-family: arial, helvetica, sans-serif; font-size: 12pt;\"><strong>Departamento Aplicaci\u00f3n<\/strong>: Gonz\u00e1lez, Sandra<\/span><\/span><\/p>\n<p><span style=\"font-family: arial, helvetica, sans-serif; font-size: 12pt; color: #0000ff;\"><span style=\"color: #993300;\"><strong>Secretar\u00eda de Extensi\u00f3n: <\/strong>Saucedo, Marcelo<\/span><br \/>\n<\/span><\/p>\n<p><span style=\"font-family: arial, helvetica, sans-serif; font-size: 12pt; color: #993300;\"><strong>Secretar\u00eda Investigaci\u00f3n<\/strong>: Villar, Patricia<\/span><\/p>\n<p><span style=\"font-family: arial, helvetica, sans-serif; font-size: 12pt; color: #993300;\"><strong>Coordinaci\u00f3n de las Pr\u00e1cticas del Nivel Inicial y Primaria: <\/strong><span style=\"font-weight: 400;\">Argumero, Silvana<\/span><\/span><\/p>\n<p><span style=\"font-family: arial, helvetica, sans-serif; font-size: 12pt; color: #993300;\"><strong>Coordinaci\u00f3n de las Pr\u00e1cticas del Nivel Medio: <\/strong>Lezcano, Leonor Aylen<\/span><\/p>\n<p><span style=\"font-family: arial, helvetica, sans-serif; font-size: 12pt; color: #993300;\"><strong>Coordinador\/a Profesorado de Biolog\u00eda<\/strong>: Romero, Mayra<\/span><\/p>\n<p><span style=\"font-family: arial, helvetica, sans-serif; font-size: 12pt; color: #993300;\"><strong>Coordinador\/a Profesorado de Matem\u00e1tica<\/strong>: Arce, Adriana <\/span><\/p>\n<p><span style=\"font-family: arial, helvetica, sans-serif; font-size: 12pt; color: #993300;\"><strong>Coordinador\/a Profesorado de Ingl\u00e9s: <\/strong>________<\/span><\/p>\n<p><span style=\"font-family: arial, helvetica, sans-serif; font-size: 12pt; color: #993300;\"><strong>Coordinador\/a Profesorado de Primaria<\/strong>: <span style=\"color: #993300;\">Lubrina, Soledad<\/span><\/span><\/p>\n<p><span style=\"color: #993300;\"><span style=\"font-family: arial, helvetica, sans-serif; font-size: 12pt;\"><strong>Coordinador\/a Profesorado de Inicial<\/strong><\/span>: Mosch\u00e9n, Maria Bel\u00e9n<\/span><\/p>\n<p><span style=\"font-family: arial, helvetica, sans-serif; font-size: 12pt; color: #993300;\"><strong>Coordinador\/a Profesorado de Lengua: <\/strong>Alanis, Cintya<\/span><\/p>\n<p><span style=\"font-family: arial, helvetica, sans-serif; font-size: 12pt; color: #993300;\"><strong>Coordinador\/a Profesorado de Educaci\u00f3n F\u00edsica: <\/strong>Moyano,\u00a0Agustina <\/span><\/p>\n<p><span style=\"font-family: arial, helvetica, sans-serif; font-size: 12pt; color: #993300;\"><strong>Coordinador\/a Profesorado de\u00a0 F\u00edsica: <\/strong><strong><span style=\"font-weight: 400;\">Sosa, Oriana<\/span><\/strong><\/span><\/p>\n","protected":false},"excerpt":{"rendered":"<p>Director\/a: Campos, Yasmina Vicedirector\/a: Rosso, Leandro Secretar\u00eda Acad\u00e9mica: Cabrera, Mar\u00eda In\u00e9s Regente Departamento Aplicaci\u00f3n: Gonz\u00e1lez, H\u00e9ctor C. Sub Regente Departamento Aplicaci\u00f3n: Gonz\u00e1lez, Sandra Secretar\u00eda de Extensi\u00f3n: Saucedo, Marcelo Secretar\u00eda Investigaci\u00f3n: Villar, Patricia Coordinaci\u00f3n de las Pr\u00e1cticas del Nivel Inicial y Primaria: Argumero, Silvana Coordinaci\u00f3n de las Pr\u00e1cticas del Nivel Medio: Lezcano, Leonor Aylen Coordinador\/a Profesorado &#8230; <a title=\"Autoridades\" class=\"read-more\" href=\"https:\/\/ifd2-nqn.infd.edu.ar\/sitio\/autoridades\/\" aria-label=\"More on Autoridades\">[+]<\/a><\/p>\n","protected":false},"author":57,"featured_media":0,"parent":0,"menu_order":0,"comment_status":"closed","ping_status":"closed","template":"","meta":[],"acf":[],"_links":{"self":[{"href":"https:\/\/ifd2-nqn.infd.edu.ar\/sitio\/wp-json\/wp\/v2\/pages\/844"}],"collection":[{"href":"https:\/\/ifd2-nqn.infd.edu.ar\/sitio\/wp-json\/wp\/v2\/pages"}],"about":[{"href":"https:\/\/ifd2-nqn.infd.edu.ar\/sitio\/wp-json\/wp\/v2\/types\/page"}],"author":[{"embeddable":true,"href":"https:\/\/ifd2-nqn.infd.edu.ar\/sitio\/wp-json\/wp\/v2\/users\/57"}],"replies":[{"embeddable":true,"href":"https:\/\/ifd2-nqn.infd.edu.ar\/sitio\/wp-json\/wp\/v2\/comments?post=844"}],"version-history":[{"count":18,"href":"https:\/\/ifd2-nqn.infd.edu.ar\/sitio\/wp-json\/wp\/v2\/pages\/844\/revisions"}],"predecessor-version":[{"id":7821,"href":"https:\/\/ifd2-nqn.infd.edu.ar\/sitio\/wp-json\/wp\/v2\/pages\/844\/revisions\/7821"}],"wp:attachment":[{"href":"https:\/\/ifd2-nqn.infd.edu.ar\/sitio\/wp-json\/wp\/v2\/media?parent=844"}],"curies":[{"name":"wp","href":"https:\/\/api.w.org\/{rel}","templated":true}]}}