{"id":895,"date":"2018-08-31T13:53:58","date_gmt":"2018-08-31T16:53:58","guid":{"rendered":"https:\/\/ifd2-nqn.infd.edu.ar\/sitio\/reglamentacion\/"},"modified":"2025-05-07T21:37:04","modified_gmt":"2025-05-08T00:37:04","slug":"reglamentacion","status":"publish","type":"page","link":"https:\/\/ifd2-nqn.infd.edu.ar\/sitio\/reglamentacion\/","title":{"rendered":"Reglamentaci\u00f3n"},"content":{"rendered":"<p><img decoding=\"async\" title=\"reglamentos\" src=\"https:\/\/ifd2-nqn.infd.edu.ar\/sitio\/wp-content\/uploads\/2018\/08\/REGLAMENTOS.png\" alt=\"reglamentos\" border=\"0\" \/><\/p>\n<p><a title=\"ROM\" href=\"upload\/r_1063_13_ROM.pdf\" target=\"_blank\" rel=\"noopener\">Reglamento Org\u00e1nico Marco ROM &#8211; Descarga<\/a><\/p>\n<p><a title=\"RAM\" href=\"upload\/Resolucion_N_1011_11_RAM_Aprobado.pdf\" target=\"_blank\" rel=\"noopener\">Reglamento Acad\u00e9mico Marco RAM <\/a>&#8211; Descarga<\/p>\n<p><a title=\"RAI\" href=\"upload\/RAI_DEFINITIVO.pdf\" target=\"_blank\" rel=\"noopener\">Reglamento Acad\u00e9mico Institucional RAI <\/a>&#8211; Descarga<\/p>\n\n\n<div class=\"wp-block-file\"><a id=\"wp-block-file--media-5039ec78-de5b-48e4-8560-1084cc5c30ee\" href=\"https:\/\/ifd2-nqn.infd.edu.ar\/sitio\/wp-content\/uploads\/2022\/11\/Reglamento-Interno-para-CPI.pdf\">Reglamento-Interno-para-CPI<\/a><a href=\"https:\/\/ifd2-nqn.infd.edu.ar\/sitio\/wp-content\/uploads\/2022\/11\/Reglamento-Interno-para-CPI.pdf\" class=\"wp-block-file__button wp-element-button\" download aria-describedby=\"wp-block-file--media-5039ec78-de5b-48e4-8560-1084cc5c30ee\">Descarga<\/a><\/div>\n\n\n\n<p><\/p>\n\n\n<div class=\"wp-block-image\">\n<figure class=\"aligncenter is-resized\"><img decoding=\"async\" loading=\"lazy\" src=\"https:\/\/ifd2-nqn.infd.edu.ar\/sitio\/wp-content\/uploads\/2024\/07\/mesas-de-examenes-1-1000x1000.png\" alt=\"\" class=\"wp-image-7760\" width=\"412\" height=\"412\" srcset=\"https:\/\/ifd2-nqn.infd.edu.ar\/sitio\/wp-content\/uploads\/2024\/07\/mesas-de-examenes-1-1000x1000.png 1000w, https:\/\/ifd2-nqn.infd.edu.ar\/sitio\/wp-content\/uploads\/2024\/07\/mesas-de-examenes-1-500x500.png 500w, https:\/\/ifd2-nqn.infd.edu.ar\/sitio\/wp-content\/uploads\/2024\/07\/mesas-de-examenes-1-768x768.png 768w, https:\/\/ifd2-nqn.infd.edu.ar\/sitio\/wp-content\/uploads\/2024\/07\/mesas-de-examenes-1.png 1080w\" sizes=\"(max-width: 412px) 100vw, 412px\" \/><\/figure><\/div>","protected":false},"excerpt":{"rendered":"<p>Reglamento Org\u00e1nico Marco ROM &#8211; Descarga Reglamento Acad\u00e9mico Marco RAM &#8211; Descarga Reglamento Acad\u00e9mico Institucional RAI &#8211; Descarga<\/p>\n","protected":false},"author":57,"featured_media":0,"parent":0,"menu_order":0,"comment_status":"closed","ping_status":"closed","template":"","meta":[],"acf":[],"_links":{"self":[{"href":"https:\/\/ifd2-nqn.infd.edu.ar\/sitio\/wp-json\/wp\/v2\/pages\/895"}],"collection":[{"href":"https:\/\/ifd2-nqn.infd.edu.ar\/sitio\/wp-json\/wp\/v2\/pages"}],"about":[{"href":"https:\/\/ifd2-nqn.infd.edu.ar\/sitio\/wp-json\/wp\/v2\/types\/page"}],"author":[{"embeddable":true,"href":"https:\/\/ifd2-nqn.infd.edu.ar\/sitio\/wp-json\/wp\/v2\/users\/57"}],"replies":[{"embeddable":true,"href":"https:\/\/ifd2-nqn.infd.edu.ar\/sitio\/wp-json\/wp\/v2\/comments?post=895"}],"version-history":[{"count":5,"href":"https:\/\/ifd2-nqn.infd.edu.ar\/sitio\/wp-json\/wp\/v2\/pages\/895\/revisions"}],"predecessor-version":[{"id":8728,"href":"https:\/\/ifd2-nqn.infd.edu.ar\/sitio\/wp-json\/wp\/v2\/pages\/895\/revisions\/8728"}],"wp:attachment":[{"href":"https:\/\/ifd2-nqn.infd.edu.ar\/sitio\/wp-json\/wp\/v2\/media?parent=895"}],"curies":[{"name":"wp","href":"https:\/\/api.w.org\/{rel}","templated":true}]}}