{"id":899,"date":"2018-08-31T13:53:59","date_gmt":"2018-08-31T16:53:59","guid":{"rendered":"https:\/\/ifd2-nqn.infd.edu.ar\/sitio\/horarios-12\/"},"modified":"2025-06-13T21:29:11","modified_gmt":"2025-06-14T00:29:11","slug":"horarios-12","status":"publish","type":"page","link":"https:\/\/ifd2-nqn.infd.edu.ar\/sitio\/horarios-12\/","title":{"rendered":"Horarios"},"content":{"rendered":"<p><img decoding=\"async\" loading=\"lazy\" class=\"wp-image-9019 aligncenter\" src=\"https:\/\/ifd2-nqn.infd.edu.ar\/sitio\/wp-content\/uploads\/2025\/06\/507126942_1163674308895224_3494198618758623987_n-564x1000.jpg\" alt=\"\" width=\"450\" height=\"798\" srcset=\"https:\/\/ifd2-nqn.infd.edu.ar\/sitio\/wp-content\/uploads\/2025\/06\/507126942_1163674308895224_3494198618758623987_n-564x1000.jpg 564w, https:\/\/ifd2-nqn.infd.edu.ar\/sitio\/wp-content\/uploads\/2025\/06\/507126942_1163674308895224_3494198618758623987_n.jpg 760w\" sizes=\"(max-width: 450px) 100vw, 450px\" \/><\/p>\n<p>Lugar: <strong>ISFD N\u00b0 2 &#8211;\u00a0 San Mart\u00edn y Tucum\u00e1n<\/strong><\/p>\n<p><a href=\"http:\/\/www.neuquen.edu.ar\/asambleas\/asambleas-presenciales-de-nivel-superior-interior\/\">Cargos y Horas Vacantes &#8211; Ingrese Aqu\u00ed<\/a><\/p>\n","protected":false},"excerpt":{"rendered":"<p>Lugar: ISFD N\u00b0 2 &#8211;\u00a0 San Mart\u00edn y Tucum\u00e1n Cargos y Horas Vacantes &#8211; Ingrese Aqu\u00ed<\/p>\n","protected":false},"author":57,"featured_media":0,"parent":0,"menu_order":0,"comment_status":"closed","ping_status":"closed","template":"","meta":[],"acf":[],"_links":{"self":[{"href":"https:\/\/ifd2-nqn.infd.edu.ar\/sitio\/wp-json\/wp\/v2\/pages\/899"}],"collection":[{"href":"https:\/\/ifd2-nqn.infd.edu.ar\/sitio\/wp-json\/wp\/v2\/pages"}],"about":[{"href":"https:\/\/ifd2-nqn.infd.edu.ar\/sitio\/wp-json\/wp\/v2\/types\/page"}],"author":[{"embeddable":true,"href":"https:\/\/ifd2-nqn.infd.edu.ar\/sitio\/wp-json\/wp\/v2\/users\/57"}],"replies":[{"embeddable":true,"href":"https:\/\/ifd2-nqn.infd.edu.ar\/sitio\/wp-json\/wp\/v2\/comments?post=899"}],"version-history":[{"count":8,"href":"https:\/\/ifd2-nqn.infd.edu.ar\/sitio\/wp-json\/wp\/v2\/pages\/899\/revisions"}],"predecessor-version":[{"id":9023,"href":"https:\/\/ifd2-nqn.infd.edu.ar\/sitio\/wp-json\/wp\/v2\/pages\/899\/revisions\/9023"}],"wp:attachment":[{"href":"https:\/\/ifd2-nqn.infd.edu.ar\/sitio\/wp-json\/wp\/v2\/media?parent=899"}],"curies":[{"name":"wp","href":"https:\/\/api.w.org\/{rel}","templated":true}]}}