{"id":9029,"date":"2025-06-17T21:10:39","date_gmt":"2025-06-18T00:10:39","guid":{"rendered":"https:\/\/ifd2-nqn.infd.edu.ar\/sitio\/?page_id=9029"},"modified":"2025-06-17T21:10:42","modified_gmt":"2025-06-18T00:10:42","slug":"publicaciones-jornadas-de-investigacion","status":"publish","type":"page","link":"https:\/\/ifd2-nqn.infd.edu.ar\/sitio\/publicaciones-jornadas-de-investigacion\/","title":{"rendered":"Publicaciones Jornadas de Investigaci\u00f3n"},"content":{"rendered":"\n<p><\/p>\n\n\n\n<p>Resumen de las Jornadas:&nbsp;<\/p>\n\n\n\n<p><strong><em>A\u00f1o 2022: Primeras Jornadas de Investigaci\u00f3n Educativa de la Zona Norte: \u00abPerspectiva Ambiental en Contexto\u00bb.<\/em><\/strong><\/p>\n\n\n\n<p><strong><em>A\u00f1o 2023:&nbsp; Segundas<\/em><\/strong><strong><em>&nbsp;Jornadas de Investigaci\u00f3n Educativa de la Zona Norte: \u00abPerspectiva Ambiental en Contexto\u00bb<\/em><\/strong><\/p>\n\n\n\n<p><strong><em>A\u00f1o 2024:\u00a0III Jornadas de Investigaci\u00f3n, Extensi\u00f3n y Experiencias Educativas de la Zona Norte: \u00abClaves para la construcci\u00f3n del saber en una pr\u00e1ctica de formaci\u00f3n continua\u00bb.<\/em><\/strong><\/p>\n\n\n\n<div class=\"wp-block-file\"><object class=\"wp-block-file__embed\" data=\"https:\/\/ifd2-nqn.infd.edu.ar\/sitio\/wp-content\/uploads\/2025\/06\/actas-resumen.pdf\" type=\"application\/pdf\" style=\"width:100%;height:600px\" aria-label=\"Incrustado de actas-resumen.\"><\/object><a id=\"wp-block-file--media-996c75e0-d79d-4f23-9119-040e2ecdf26b\" href=\"https:\/\/ifd2-nqn.infd.edu.ar\/sitio\/wp-content\/uploads\/2025\/06\/actas-resumen.pdf\">actas-resumen<\/a><a href=\"https:\/\/ifd2-nqn.infd.edu.ar\/sitio\/wp-content\/uploads\/2025\/06\/actas-resumen.pdf\" class=\"wp-block-file__button wp-element-button\" download aria-describedby=\"wp-block-file--media-996c75e0-d79d-4f23-9119-040e2ecdf26b\">Descarga<\/a><\/div>\n\n\n\n<div class=\"wp-block-file\"><object class=\"wp-block-file__embed\" data=\"https:\/\/ifd2-nqn.infd.edu.ar\/sitio\/wp-content\/uploads\/2025\/06\/Acta-resumen-2023.pdf\" type=\"application\/pdf\" style=\"width:100%;height:600px\" aria-label=\"Incrustado de Acta-resumen-2023.\"><\/object><a id=\"wp-block-file--media-25eaff79-cfe8-476b-b59e-ca29f747e1bb\" href=\"https:\/\/ifd2-nqn.infd.edu.ar\/sitio\/wp-content\/uploads\/2025\/06\/Acta-resumen-2023.pdf\">Acta-resumen-2023<\/a><a href=\"https:\/\/ifd2-nqn.infd.edu.ar\/sitio\/wp-content\/uploads\/2025\/06\/Acta-resumen-2023.pdf\" class=\"wp-block-file__button wp-element-button\" download aria-describedby=\"wp-block-file--media-25eaff79-cfe8-476b-b59e-ca29f747e1bb\">Descarga<\/a><\/div>\n\n\n\n<div class=\"wp-block-file\"><object class=\"wp-block-file__embed\" data=\"https:\/\/ifd2-nqn.infd.edu.ar\/sitio\/wp-content\/uploads\/2025\/06\/Actas-resumen-III-Jornadas-de-investigacion-extension-y-experiencias-educativas-de-la-zona-norte-2024-Reparado-1.pdf\" type=\"application\/pdf\" style=\"width:100%;height:600px\" aria-label=\"Incrustado de Actas-resumen-III-Jornadas-de-investigacion-extension-y-experiencias-educativas-de-la-zona-norte-2024-Reparado-1.\"><\/object><a id=\"wp-block-file--media-bb4fd846-af4f-43e3-9f55-740cf79df81a\" href=\"https:\/\/ifd2-nqn.infd.edu.ar\/sitio\/wp-content\/uploads\/2025\/06\/Actas-resumen-III-Jornadas-de-investigacion-extension-y-experiencias-educativas-de-la-zona-norte-2024-Reparado-1.pdf\">Actas-resumen-III-Jornadas-de-investigacion-extension-y-experiencias-educativas-de-la-zona-norte-2024-Reparado-1<\/a><a href=\"https:\/\/ifd2-nqn.infd.edu.ar\/sitio\/wp-content\/uploads\/2025\/06\/Actas-resumen-III-Jornadas-de-investigacion-extension-y-experiencias-educativas-de-la-zona-norte-2024-Reparado-1.pdf\" class=\"wp-block-file__button wp-element-button\" download aria-describedby=\"wp-block-file--media-bb4fd846-af4f-43e3-9f55-740cf79df81a\">Descarga<\/a><\/div>\n","protected":false},"excerpt":{"rendered":"<p>Resumen de las Jornadas:&nbsp; A\u00f1o 2022: Primeras Jornadas de Investigaci\u00f3n Educativa de la Zona Norte: \u00abPerspectiva Ambiental en Contexto\u00bb. A\u00f1o 2023:&nbsp; Segundas&nbsp;Jornadas de Investigaci\u00f3n Educativa de la Zona Norte: \u00abPerspectiva Ambiental en Contexto\u00bb A\u00f1o 2024:\u00a0III Jornadas de Investigaci\u00f3n, Extensi\u00f3n y Experiencias Educativas de la Zona Norte: \u00abClaves para la construcci\u00f3n del saber en una pr\u00e1ctica &#8230; <a title=\"Publicaciones Jornadas de Investigaci\u00f3n\" class=\"read-more\" href=\"https:\/\/ifd2-nqn.infd.edu.ar\/sitio\/publicaciones-jornadas-de-investigacion\/\" aria-label=\"More on Publicaciones Jornadas de Investigaci\u00f3n\">[+]<\/a><\/p>\n","protected":false},"author":134,"featured_media":0,"parent":0,"menu_order":0,"comment_status":"closed","ping_status":"closed","template":"","meta":[],"acf":[],"_links":{"self":[{"href":"https:\/\/ifd2-nqn.infd.edu.ar\/sitio\/wp-json\/wp\/v2\/pages\/9029"}],"collection":[{"href":"https:\/\/ifd2-nqn.infd.edu.ar\/sitio\/wp-json\/wp\/v2\/pages"}],"about":[{"href":"https:\/\/ifd2-nqn.infd.edu.ar\/sitio\/wp-json\/wp\/v2\/types\/page"}],"author":[{"embeddable":true,"href":"https:\/\/ifd2-nqn.infd.edu.ar\/sitio\/wp-json\/wp\/v2\/users\/134"}],"replies":[{"embeddable":true,"href":"https:\/\/ifd2-nqn.infd.edu.ar\/sitio\/wp-json\/wp\/v2\/comments?post=9029"}],"version-history":[{"count":1,"href":"https:\/\/ifd2-nqn.infd.edu.ar\/sitio\/wp-json\/wp\/v2\/pages\/9029\/revisions"}],"predecessor-version":[{"id":9034,"href":"https:\/\/ifd2-nqn.infd.edu.ar\/sitio\/wp-json\/wp\/v2\/pages\/9029\/revisions\/9034"}],"wp:attachment":[{"href":"https:\/\/ifd2-nqn.infd.edu.ar\/sitio\/wp-json\/wp\/v2\/media?parent=9029"}],"curies":[{"name":"wp","href":"https:\/\/api.w.org\/{rel}","templated":true}]}}